{"id":8,"date":"2016-08-18T16:49:51","date_gmt":"2016-08-18T14:49:51","guid":{"rendered":"http:\/\/kros.3sixty.eu\/?page_id=8"},"modified":"2025-09-13T20:08:08","modified_gmt":"2025-09-13T18:08:08","slug":"home","status":"publish","type":"page","link":"https:\/\/www.kros-stirin.cz\/","title":{"rendered":""},"content":{"rendered":"\t\t<div data-elementor-type=\"wp-page\" data-elementor-id=\"8\" class=\"elementor elementor-8\" data-elementor-post-type=\"page\">\n\t\t\t\t\t\t<section class=\"elementor-section elementor-top-section elementor-element elementor-element-4db035d1 elementor-section-boxed elementor-section-height-default elementor-section-height-default\" data-id=\"4db035d1\" data-element_type=\"section\" data-e-type=\"section\">\n\t\t\t\t\t\t<div class=\"elementor-container elementor-column-gap-default\">\n\t\t\t\t\t<div class=\"elementor-column elementor-col-100 elementor-top-column elementor-element elementor-element-11885bd8\" data-id=\"11885bd8\" data-element_type=\"column\" data-e-type=\"column\">\n\t\t\t<div class=\"elementor-widget-wrap elementor-element-populated\">\n\t\t\t\t\t\t<div class=\"elementor-element elementor-element-5fe2c60d elementor-widget elementor-widget-text-editor\" data-id=\"5fe2c60d\" data-element_type=\"widget\" data-e-type=\"widget\" data-widget_type=\"text-editor.default\">\n\t\t\t\t<div class=\"elementor-widget-container\">\n\t\t\t\t\t\t\t\t\t<figure class=\"wp-block-image\"><h2 style=\"text-align: center;\" data-start=\"232\" data-end=\"278\"><img decoding=\"async\" class=\"emoji\" role=\"img\" draggable=\"false\" src=\"https:\/\/s.w.org\/images\/core\/emoji\/16.0.1\/svg\/1f3c3-200d-2640-fe0f.svg\" alt=\"\ud83c\udfc3\u200d\u2640\ufe0f\" \/> MCC Kros \u0160ti\u0159\u00edn 2025!<\/h2><p style=\"text-align: center;\" data-start=\"280\" data-end=\"482\">Mil\u00ed p\u0159\u00e1tel\u00e9, b\u011b\u017eci i fanou\u0161ci,<br data-start=\"311\" data-end=\"314\" \/><strong data-start=\"317\" data-end=\"400\">\u00a0\u2013 v sobotu 13. z\u00e1\u0159\u00ed 2025 \u2013 jsme se znovu setkali na \u0160ti\u0159\u00ednsk\u00fdch louk\u00e1ch<\/strong>, kde jsme spole\u010dn\u011b spojili radost z pohybu s pomoc\u00ed t\u011bm, kte\u0159\u00ed ji nejv\u00edce pot\u0159ebuj\u00ed.<\/p><p style=\"text-align: center;\" data-start=\"484\" data-end=\"500\">\u010cekali na V\u00e1s:<\/p><p style=\"text-align: center;\" data-start=\"503\" data-end=\"543\"><strong data-start=\"503\" data-end=\"520\">D\u011btsk\u00e9 z\u00e1vody<br \/><\/strong> rozd\u011blen\u00e9 podle v\u011bku<\/p><p style=\"text-align: center;\" data-start=\"546\" data-end=\"627\"><strong data-start=\"546\" data-end=\"570\">Hlavn\u00ed z\u00e1vod na 5 km<\/strong> <br \/>pro v\u0161echny, kte\u0159\u00ed si cht\u011bli u\u017e\u00edt b\u011bh v kr\u00e1sn\u00e9 p\u0159\u00edrod\u011b<\/p><p style=\"text-align: center;\" data-start=\"630\" data-end=\"681\"><strong data-start=\"630\" data-end=\"647\">\u0160tafetov\u00fd b\u011bh<\/strong> <br \/>pro t\u00fdmy p\u0159\u00e1tel, rodin i koleg\u016f<\/p><h3 style=\"text-align: center;\" data-start=\"725\" data-end=\"791\"><img decoding=\"async\" class=\"emoji\" role=\"img\" draggable=\"false\" src=\"https:\/\/s.w.org\/images\/core\/emoji\/16.0.1\/svg\/1f397.svg\" alt=\"\ud83c\udf97\" \/> Letos jsme b\u011b\u017eeli pro Rebeku a pro vzd\u011bl\u00e1v\u00e1n\u00ed zdravotn\u00edk\u016f v paliativn\u00ed p\u00e9\u010di<\/h3><p style=\"text-align: center;\" data-start=\"792\" data-end=\"1022\">Ve\u0161ker\u00fd v\u00fdt\u011b\u017eek ze startovn\u00e9ho a partnersk\u00fdch dar\u016f byl letos rozd\u011blen tak, \u017ee<strong> 50 % p\u016fjde rodi\u010d\u016fm Rebeky B\u00e1bov\u00e9, kter\u00e1 \u017eije s paraplegi\u00ed<\/strong>, a druh\u00e1 polovina na <strong>vzd\u011bl\u00e1v\u00e1n\u00ed zdravotn\u00edk\u016f v oblasti perinat\u00e1ln\u00ed paliativn\u00ed p\u00e9\u010de,<\/strong> kte\u0159\u00ed podporuj\u00ed rodiny jak po ztr\u00e1t\u011b miminka, tak p\u0159i p\u00e9\u010di o d\u011bti se z\u00e1va\u017en\u00fdm posti\u017een\u00edm.<\/p><p data-start=\"792\" data-end=\"1022\">&#8212;&#8212;&#8212;&#8212;&#8212;&#8212;&#8212;&#8211;<\/p><p style=\"text-align: center;\" data-start=\"1396\" data-end=\"1517\">\u00a0Ka\u017ed\u00fd \u00fa\u010dastn\u00edk obdr\u017eel startovn\u00ed \u010d\u00edslo a mal\u00fd d\u00e1rek.\u00a0 \u00a0\u00a0<\/p><hr \/><p data-start=\"1396\" data-end=\"1517\">\ud83d\udc49 \u201eNemus\u00edte b\u011b\u017eet, abyste pomohli \u2013 m\u016f\u017eete p\u0159isp\u011bt\u00a0i\u00a0jinak.\u201c<\/p><\/figure><p><!-- \/wp:image --><\/p>\t\t\t\t\t\t\t\t<\/div>\n\t\t\t\t<\/div>\n\t\t\t\t\t<\/div>\n\t\t<\/div>\n\t\t\t\t\t<\/div>\n\t\t<\/section>\n\t\t\t\t<section class=\"elementor-section elementor-top-section elementor-element elementor-element-b4cd1f2 elementor-section-boxed elementor-section-height-default elementor-section-height-default\" data-id=\"b4cd1f2\" data-element_type=\"section\" data-e-type=\"section\">\n\t\t\t\t\t\t<div class=\"elementor-container elementor-column-gap-default\">\n\t\t\t\t\t<div class=\"elementor-column elementor-col-100 elementor-top-column elementor-element elementor-element-ec29435\" data-id=\"ec29435\" data-element_type=\"column\" data-e-type=\"column\">\n\t\t\t<div class=\"elementor-widget-wrap elementor-element-populated\">\n\t\t\t\t\t\t<div class=\"elementor-element elementor-element-d67d246 elementor-widget elementor-widget-image\" data-id=\"d67d246\" data-element_type=\"widget\" data-e-type=\"widget\" data-widget_type=\"image.default\">\n\t\t\t\t<div class=\"elementor-widget-container\">\n\t\t\t\t\t\t\t\t\t\t\t\t\t\t\t<img fetchpriority=\"high\" decoding=\"async\" width=\"768\" height=\"545\" src=\"https:\/\/www.kros-stirin.cz\/wp-content\/uploads\/2025\/09\/Vase-prispevky-nam-pomohou-768x545.jpg\" class=\"attachment-medium_large size-medium_large wp-image-7351\" alt=\"\" srcset=\"https:\/\/www.kros-stirin.cz\/wp-content\/uploads\/2025\/09\/Vase-prispevky-nam-pomohou-768x545.jpg 768w, https:\/\/www.kros-stirin.cz\/wp-content\/uploads\/2025\/09\/Vase-prispevky-nam-pomohou-300x213.jpg 300w, https:\/\/www.kros-stirin.cz\/wp-content\/uploads\/2025\/09\/Vase-prispevky-nam-pomohou-1024x726.jpg 1024w, https:\/\/www.kros-stirin.cz\/wp-content\/uploads\/2025\/09\/Vase-prispevky-nam-pomohou-1536x1090.jpg 1536w, https:\/\/www.kros-stirin.cz\/wp-content\/uploads\/2025\/09\/Vase-prispevky-nam-pomohou.jpg 1748w\" sizes=\"(max-width: 768px) 100vw, 768px\" \/>\t\t\t\t\t\t\t\t\t\t\t\t\t\t\t<\/div>\n\t\t\t\t<\/div>\n\t\t\t\t\t<\/div>\n\t\t<\/div>\n\t\t\t\t\t<\/div>\n\t\t<\/section>\n\t\t\t\t<\/div>\n\t\t","protected":false},"excerpt":{"rendered":"<p>MCC Kros \u0160ti\u0159\u00edn 2025! Mil\u00ed p\u0159\u00e1tel\u00e9, b\u011b\u017eci i fanou\u0161ci,\u00a0\u2013 v sobotu 13. z\u00e1\u0159\u00ed 2025 \u2013 jsme se znovu setkali na \u0160ti\u0159\u00ednsk\u00fdch louk\u00e1ch, kde jsme spole\u010dn\u011b spojili radost z pohybu s pomoc\u00ed t\u011bm, kte\u0159\u00ed ji nejv\u00edce pot\u0159ebuj\u00ed. \u010cekali na V\u00e1s: D\u011btsk\u00e9<\/p>\n","protected":false},"author":1,"featured_media":0,"parent":0,"menu_order":0,"comment_status":"closed","ping_status":"closed","template":"","meta":{"inline_featured_image":false,"footnotes":""},"class_list":["post-8","page","type-page","status-publish","hentry","","tg-column-two"],"_links":{"self":[{"href":"https:\/\/www.kros-stirin.cz\/index.php\/wp-json\/wp\/v2\/pages\/8","targetHints":{"allow":["GET"]}}],"collection":[{"href":"https:\/\/www.kros-stirin.cz\/index.php\/wp-json\/wp\/v2\/pages"}],"about":[{"href":"https:\/\/www.kros-stirin.cz\/index.php\/wp-json\/wp\/v2\/types\/page"}],"author":[{"embeddable":true,"href":"https:\/\/www.kros-stirin.cz\/index.php\/wp-json\/wp\/v2\/users\/1"}],"replies":[{"embeddable":true,"href":"https:\/\/www.kros-stirin.cz\/index.php\/wp-json\/wp\/v2\/comments?post=8"}],"version-history":[{"count":127,"href":"https:\/\/www.kros-stirin.cz\/index.php\/wp-json\/wp\/v2\/pages\/8\/revisions"}],"predecessor-version":[{"id":7630,"href":"https:\/\/www.kros-stirin.cz\/index.php\/wp-json\/wp\/v2\/pages\/8\/revisions\/7630"}],"wp:attachment":[{"href":"https:\/\/www.kros-stirin.cz\/index.php\/wp-json\/wp\/v2\/media?parent=8"}],"curies":[{"name":"wp","href":"https:\/\/api.w.org\/{rel}","templated":true}]}}