{"id":5940,"date":"2024-07-17T15:39:08","date_gmt":"2024-07-17T13:39:08","guid":{"rendered":"https:\/\/www.kros-stirin.cz\/?page_id=5940"},"modified":"2024-07-18T10:10:54","modified_gmt":"2024-07-18T08:10:54","slug":"zavod-2021","status":"publish","type":"page","link":"https:\/\/www.kros-stirin.cz\/index.php\/zavod-2021\/","title":{"rendered":"Z\u00e1vod 2021"},"content":{"rendered":"\t\t<div data-elementor-type=\"wp-page\" data-elementor-id=\"5940\" class=\"elementor elementor-5940\" data-elementor-post-type=\"page\">\n\t\t\t\t\t\t<section class=\"elementor-section elementor-top-section elementor-element elementor-element-73258af elementor-section-boxed elementor-section-height-default elementor-section-height-default\" data-id=\"73258af\" data-element_type=\"section\" data-e-type=\"section\">\n\t\t\t\t\t\t<div class=\"elementor-container elementor-column-gap-default\">\n\t\t\t\t\t<div class=\"elementor-column elementor-col-100 elementor-top-column elementor-element elementor-element-921fb36\" data-id=\"921fb36\" data-element_type=\"column\" data-e-type=\"column\">\n\t\t\t<div class=\"elementor-widget-wrap elementor-element-populated\">\n\t\t\t\t\t\t<div class=\"elementor-element elementor-element-c585853 elementor-widget elementor-widget-heading\" data-id=\"c585853\" data-element_type=\"widget\" data-e-type=\"widget\" data-widget_type=\"heading.default\">\n\t\t\t\t<div class=\"elementor-widget-container\">\n\t\t\t\t\t<h2 class=\"elementor-heading-title elementor-size-default\">Tiskov\u00e1 zpr\u00e1va<\/h2>\t\t\t\t<\/div>\n\t\t\t\t<\/div>\n\t\t\t\t\t<\/div>\n\t\t<\/div>\n\t\t\t\t\t<\/div>\n\t\t<\/section>\n\t\t\t\t<section class=\"elementor-section elementor-top-section elementor-element elementor-element-97b1335 elementor-section-boxed elementor-section-height-default elementor-section-height-default\" data-id=\"97b1335\" data-element_type=\"section\" data-e-type=\"section\">\n\t\t\t\t\t\t<div class=\"elementor-container elementor-column-gap-default\">\n\t\t\t\t\t<div class=\"elementor-column elementor-col-100 elementor-top-column elementor-element elementor-element-1c62c34\" data-id=\"1c62c34\" data-element_type=\"column\" data-e-type=\"column\">\n\t\t\t<div class=\"elementor-widget-wrap elementor-element-populated\">\n\t\t\t\t\t\t<div class=\"elementor-element elementor-element-013bdaa elementor-widget elementor-widget-text-editor\" data-id=\"013bdaa\" data-element_type=\"widget\" data-e-type=\"widget\" data-widget_type=\"text-editor.default\">\n\t\t\t\t<div class=\"elementor-widget-container\">\n\t\t\t\t\t\t\t\t\t<h3 style=\"text-align: center;\"><span style=\"color: #000000;\">11. ro\u010dn\u00edk MCC Kros \u0160ti\u0159\u00edn o poh\u00e1ry nejlep\u0161\u00edch atlet\u016f sv\u011bta T. Dvo\u0159\u00e1ka,<\/span><br \/><span style=\"color: #000000;\">R. \u0160ebrleho, J. Pt\u00e1\u010dn\u00edkov\u00e9, D. Rosolov\u00e9, J. S. Helceleta, J. Kudli\u010dky, P. Masl\u00e1ka<\/span><br \/><span style=\"color: #ba1065;\"><em style=\"font-family: 'Roboto Slab', sans-serif; font-size: 26px; font-weight: normal;\"><strong># rokproapolinare<\/strong><\/em><\/span><\/h3><p><img fetchpriority=\"high\" decoding=\"async\" class=\"alignright\" src=\"https:\/\/www.kros-stirin.cz\/wp-content\/uploads\/2021\/06\/PLAGAT-A4-x3-212x300.jpg\" alt=\"\" width=\"425\" height=\"601\" \/><\/p><p>Pomalu se st\u00e1v\u00e1 tradic\u00ed, \u017ee se \u0160ti\u0159\u00ednsk\u00fd kros se b\u011bh\u00e1 jen on-line. Douf\u00e1me, \u017ee tato tradice nebude pokra\u010dovat a my se v\u0161ichni vr\u00e1t\u00edme do kr\u00e1sn\u00e9 p\u0159\u00edrody a z\u00e1vody si spole\u010dn\u011b u\u017eijeme. Tento rok opravdu bereme jako posledn\u00ed virtu\u00e1ln\u00ed b\u011b\u017eeckou akci, a proto budeme b\u011bhat rovnou cel\u00fd rok<br \/><em><span style=\"color: #339966;\"><strong><span style=\"color: #ba1065;\"># rokproapolinare.<\/span>\u00a0<\/strong><\/span><\/em><\/p><p>Ka\u017ed\u00fd z\u00e1vodn\u00edk, z\u00e1vodnice \u010di cel\u00e1 rodina si stejn\u011b jako v lo\u0148sk\u00e9m roce, \u00a0m\u016f\u017ee odb\u011bhnout, proj\u00edt, odjet na kole \u010di jin\u00fdm t\u011blem poh\u00e1n\u011bn\u00fdm dopravn\u00edm prost\u0159edkem sv\u016fj vlastn\u00ed z\u00e1vod. Nez\u00e1le\u017e\u00ed na \u010dase, vzd\u00e1lenosti, ani sportovn\u00ed form\u011b.<\/p><p>Do 31. 5. 2022\u00a0 je mo\u017en\u00e9 pravideln\u011b pos\u00edlat dobrovoln\u00e9 \u201estartovn\u00e9\u201d na transparentn\u00ed \u00fa\u010det Nada\u010dn\u00edho fondu Vita et Futura, a jako ka\u017ed\u00fd rok pomoci p\u0159ed\u010dasn\u011b narozen\u00fdm d\u011btem v porodnici \u201eU Apolin\u00e1\u0159e\u201c 1. LF a VFN v Praze.<\/p><p>Svou \u00fa\u010dast b\u011b\u017eci, b\u011b\u017ekyn\u011b v\u0161ech v\u011bkov\u00fdch kategori\u00ed \u010di cel\u00e9 rodiny mohou pomoc\u00ed trat\u00ed a fotografi\u00ed sd\u00edlet na soci\u00e1ln\u00edch s\u00edt\u00edch pod<span style=\"color: #ba1065;\"><strong> #rokproapolinare.<\/strong><\/span><\/p><p>Z\u00e1vod se kon\u00e1 pod z\u00e1\u0161titou Ing. Pavla \u010cerm\u00e1ka, starosty obce Kamenice, v jej\u00edm\u017e katastru se kr\u00e1sn\u00fd b\u011b\u017eeck\u00fd are\u00e1l nach\u00e1z\u00ed.<\/p><p>Na\u0161\u00edm c\u00edlem je vybrat 1 000 000 korun, abychom mohli po\u0159\u00eddit pro maminky a jejich nedono\u0161en\u00e1 miminka \u0161okov\u00fd pasteriz\u00e1tor mate\u0159sk\u00e9ho ml\u00e9ka.<\/p><p><strong style=\"font-family: Roboto, sans-serif; font-size: 16px; text-align: center; color: var( --e-global-color-text );\">\u010c\u00edslo transparentn\u00edho \u00fa\u010dtu Vita et Futura: 2061621088\/5500<\/strong><\/p><p>Kontakt pro m\u00e9dia:<\/p><p>Web: <a href=\"http:\/\/www.kros-stirin.cz\/\">www.kros-stirin.cz<\/a><br \/>Instagram: mcc_krosstirin<br \/>Facebook: Kros &#8211; \u0160ti\u0159\u00edn<br \/>Email: <a href=\"mailto:info.mcc.kros@gmail.com\">info.mcc.kros@gmail.com<\/a><\/p>\t\t\t\t\t\t\t\t<\/div>\n\t\t\t\t<\/div>\n\t\t\t\t\t<\/div>\n\t\t<\/div>\n\t\t\t\t\t<\/div>\n\t\t<\/section>\n\t\t\t\t<section class=\"elementor-section elementor-top-section elementor-element elementor-element-bb030d6 elementor-section-boxed elementor-section-height-default elementor-section-height-default\" data-id=\"bb030d6\" data-element_type=\"section\" data-e-type=\"section\">\n\t\t\t\t\t\t<div class=\"elementor-container elementor-column-gap-default\">\n\t\t\t\t\t<div class=\"elementor-column elementor-col-100 elementor-top-column elementor-element elementor-element-20a44cb\" data-id=\"20a44cb\" data-element_type=\"column\" data-e-type=\"column\">\n\t\t\t<div class=\"elementor-widget-wrap elementor-element-populated\">\n\t\t\t\t\t\t<div class=\"elementor-element elementor-element-99cca61 elementor-widget elementor-widget-heading\" data-id=\"99cca61\" data-element_type=\"widget\" data-e-type=\"widget\" data-widget_type=\"heading.default\">\n\t\t\t\t<div class=\"elementor-widget-container\">\n\t\t\t\t\t<h2 class=\"elementor-heading-title elementor-size-default\">Fotogalerie<\/h2>\t\t\t\t<\/div>\n\t\t\t\t<\/div>\n\t\t\t\t\t<\/div>\n\t\t<\/div>\n\t\t\t\t\t<\/div>\n\t\t<\/section>\n\t\t\t\t<section class=\"elementor-section elementor-top-section elementor-element elementor-element-b158fc6 elementor-section-boxed elementor-section-height-default elementor-section-height-default\" data-id=\"b158fc6\" data-element_type=\"section\" data-e-type=\"section\">\n\t\t\t\t\t\t<div class=\"elementor-container elementor-column-gap-default\">\n\t\t\t\t\t<div class=\"elementor-column elementor-col-100 elementor-top-column elementor-element elementor-element-a5acac7\" data-id=\"a5acac7\" data-element_type=\"column\" data-e-type=\"column\">\n\t\t\t<div class=\"elementor-widget-wrap elementor-element-populated\">\n\t\t\t\t\t\t<div class=\"elementor-element elementor-element-6373432 elementor-widget elementor-widget-gallery\" data-id=\"6373432\" data-element_type=\"widget\" data-e-type=\"widget\" data-settings=\"{&quot;lazyload&quot;:&quot;yes&quot;,&quot;gallery_layout&quot;:&quot;grid&quot;,&quot;columns&quot;:4,&quot;columns_tablet&quot;:2,&quot;columns_mobile&quot;:1,&quot;gap&quot;:{&quot;unit&quot;:&quot;px&quot;,&quot;size&quot;:10,&quot;sizes&quot;:[]},&quot;gap_tablet&quot;:{&quot;unit&quot;:&quot;px&quot;,&quot;size&quot;:10,&quot;sizes&quot;:[]},&quot;gap_mobile&quot;:{&quot;unit&quot;:&quot;px&quot;,&quot;size&quot;:10,&quot;sizes&quot;:[]},&quot;link_to&quot;:&quot;file&quot;,&quot;aspect_ratio&quot;:&quot;3:2&quot;,&quot;overlay_background&quot;:&quot;yes&quot;,&quot;content_hover_animation&quot;:&quot;fade-in&quot;}\" data-widget_type=\"gallery.default\">\n\t\t\t\t<div class=\"elementor-widget-container\">\n\t\t\t\t\t\t\t<div class=\"elementor-gallery__container\">\n\t\t\t\t\t\t\t<a class=\"e-gallery-item elementor-gallery-item elementor-animated-content\" href=\"https:\/\/www.kros-stirin.cz\/wp-content\/uploads\/2024\/07\/stirinsky_kros_hadraba_5000m_101-2.jpg\" data-elementor-open-lightbox=\"yes\" data-elementor-lightbox-slideshow=\"6373432\" data-elementor-lightbox-title=\"stirinsky_kros_hadraba_5000m_101 (2)\" data-e-action-hash=\"#elementor-action%3Aaction%3Dlightbox%26settings%3DeyJpZCI6NTk5NSwidXJsIjoiaHR0cHM6XC9cL3d3dy5rcm9zLXN0aXJpbi5jelwvd3AtY29udGVudFwvdXBsb2Fkc1wvMjAyNFwvMDdcL3N0aXJpbnNreV9rcm9zX2hhZHJhYmFfNTAwMG1fMTAxLTIuanBnIiwic2xpZGVzaG93IjoiNjM3MzQzMiJ9\" data-rel=\"lightbox-image-0\" data-rl_title=\"\" data-rl_caption=\"\" title=\"\">\n\t\t\t\t\t<div class=\"e-gallery-image elementor-gallery-item__image\" data-thumbnail=\"https:\/\/www.kros-stirin.cz\/wp-content\/uploads\/2024\/07\/stirinsky_kros_hadraba_5000m_101-2-300x200.jpg\" data-width=\"300\" data-height=\"200\" aria-label=\"\" role=\"img\" ><\/div>\n\t\t\t\t\t\t\t\t\t\t\t<div class=\"elementor-gallery-item__overlay\"><\/div>\n\t\t\t\t\t\t\t\t\t\t\t\t\t\t<\/a>\n\t\t\t\t\t\t\t<a class=\"e-gallery-item elementor-gallery-item elementor-animated-content\" href=\"https:\/\/www.kros-stirin.cz\/wp-content\/uploads\/2024\/07\/DSC_3962-2.jpg\" data-elementor-open-lightbox=\"yes\" data-elementor-lightbox-slideshow=\"6373432\" data-elementor-lightbox-title=\"DSC_3962\" data-e-action-hash=\"#elementor-action%3Aaction%3Dlightbox%26settings%3DeyJpZCI6NTk3NCwidXJsIjoiaHR0cHM6XC9cL3d3dy5rcm9zLXN0aXJpbi5jelwvd3AtY29udGVudFwvdXBsb2Fkc1wvMjAyNFwvMDdcL0RTQ18zOTYyLTIuanBnIiwic2xpZGVzaG93IjoiNjM3MzQzMiJ9\" data-rel=\"lightbox-image-1\" data-rl_title=\"\" data-rl_caption=\"\" title=\"\">\n\t\t\t\t\t<div class=\"e-gallery-image elementor-gallery-item__image\" data-thumbnail=\"https:\/\/www.kros-stirin.cz\/wp-content\/uploads\/2024\/07\/DSC_3962-2-300x200.jpg\" data-width=\"300\" data-height=\"200\" aria-label=\"\" role=\"img\" ><\/div>\n\t\t\t\t\t\t\t\t\t\t\t<div class=\"elementor-gallery-item__overlay\"><\/div>\n\t\t\t\t\t\t\t\t\t\t\t\t\t\t<\/a>\n\t\t\t\t\t\t\t<a class=\"e-gallery-item elementor-gallery-item elementor-animated-content\" href=\"https:\/\/www.kros-stirin.cz\/wp-content\/uploads\/2024\/07\/DSC_4402-2.jpg\" data-elementor-open-lightbox=\"yes\" data-elementor-lightbox-slideshow=\"6373432\" data-elementor-lightbox-title=\"DSC_4402\" data-e-action-hash=\"#elementor-action%3Aaction%3Dlightbox%26settings%3DeyJpZCI6NTk3NiwidXJsIjoiaHR0cHM6XC9cL3d3dy5rcm9zLXN0aXJpbi5jelwvd3AtY29udGVudFwvdXBsb2Fkc1wvMjAyNFwvMDdcL0RTQ180NDAyLTIuanBnIiwic2xpZGVzaG93IjoiNjM3MzQzMiJ9\" data-rel=\"lightbox-image-2\" data-rl_title=\"\" data-rl_caption=\"\" title=\"\">\n\t\t\t\t\t<div class=\"e-gallery-image elementor-gallery-item__image\" data-thumbnail=\"https:\/\/www.kros-stirin.cz\/wp-content\/uploads\/2024\/07\/DSC_4402-2-300x200.jpg\" data-width=\"300\" data-height=\"200\" aria-label=\"\" role=\"img\" ><\/div>\n\t\t\t\t\t\t\t\t\t\t\t<div class=\"elementor-gallery-item__overlay\"><\/div>\n\t\t\t\t\t\t\t\t\t\t\t\t\t\t<\/a>\n\t\t\t\t\t\t\t<a class=\"e-gallery-item elementor-gallery-item elementor-animated-content\" href=\"https:\/\/www.kros-stirin.cz\/wp-content\/uploads\/2024\/07\/stirinsky_kros_hadraba_5000m_3-1.jpg\" data-elementor-open-lightbox=\"yes\" data-elementor-lightbox-slideshow=\"6373432\" data-elementor-lightbox-title=\"stirinsky_kros_hadraba_5000m_3 (1)\" data-e-action-hash=\"#elementor-action%3Aaction%3Dlightbox%26settings%3DeyJpZCI6NTk5NCwidXJsIjoiaHR0cHM6XC9cL3d3dy5rcm9zLXN0aXJpbi5jelwvd3AtY29udGVudFwvdXBsb2Fkc1wvMjAyNFwvMDdcL3N0aXJpbnNreV9rcm9zX2hhZHJhYmFfNTAwMG1fMy0xLmpwZyIsInNsaWRlc2hvdyI6IjYzNzM0MzIifQ%3D%3D\" data-rel=\"lightbox-image-3\" data-rl_title=\"\" data-rl_caption=\"\" title=\"\">\n\t\t\t\t\t<div class=\"e-gallery-image elementor-gallery-item__image\" data-thumbnail=\"https:\/\/www.kros-stirin.cz\/wp-content\/uploads\/2024\/07\/stirinsky_kros_hadraba_5000m_3-1-300x200.jpg\" data-width=\"300\" data-height=\"200\" aria-label=\"\" role=\"img\" ><\/div>\n\t\t\t\t\t\t\t\t\t\t\t<div class=\"elementor-gallery-item__overlay\"><\/div>\n\t\t\t\t\t\t\t\t\t\t\t\t\t\t<\/a>\n\t\t\t\t\t<\/div>\n\t\t\t\t\t<\/div>\n\t\t\t\t<\/div>\n\t\t\t\t\t<\/div>\n\t\t<\/div>\n\t\t\t\t\t<\/div>\n\t\t<\/section>\n\t\t\t\t<section class=\"elementor-section elementor-top-section elementor-element elementor-element-c34ca70 elementor-section-boxed elementor-section-height-default elementor-section-height-default\" data-id=\"c34ca70\" data-element_type=\"section\" data-e-type=\"section\">\n\t\t\t\t\t\t<div class=\"elementor-container elementor-column-gap-default\">\n\t\t\t\t\t<div class=\"elementor-column elementor-col-100 elementor-top-column elementor-element elementor-element-2543597\" data-id=\"2543597\" data-element_type=\"column\" data-e-type=\"column\">\n\t\t\t<div class=\"elementor-widget-wrap elementor-element-populated\">\n\t\t\t\t\t\t<div class=\"elementor-element elementor-element-05506a4 elementor-widget elementor-widget-heading\" data-id=\"05506a4\" data-element_type=\"widget\" data-e-type=\"widget\" data-widget_type=\"heading.default\">\n\t\t\t\t<div class=\"elementor-widget-container\">\n\t\t\t\t\t<h2 class=\"elementor-heading-title elementor-size-default\">Video<\/h2>\t\t\t\t<\/div>\n\t\t\t\t<\/div>\n\t\t\t\t\t<\/div>\n\t\t<\/div>\n\t\t\t\t\t<\/div>\n\t\t<\/section>\n\t\t\t\t<section class=\"elementor-section elementor-top-section elementor-element elementor-element-5e65f2b elementor-section-boxed elementor-section-height-default elementor-section-height-default\" data-id=\"5e65f2b\" data-element_type=\"section\" data-e-type=\"section\">\n\t\t\t\t\t\t<div class=\"elementor-container elementor-column-gap-default\">\n\t\t\t\t\t<div class=\"elementor-column elementor-col-100 elementor-top-column elementor-element elementor-element-4bfb6e2\" data-id=\"4bfb6e2\" data-element_type=\"column\" data-e-type=\"column\">\n\t\t\t<div class=\"elementor-widget-wrap elementor-element-populated\">\n\t\t\t\t\t\t<div class=\"elementor-element elementor-element-db2f8cd elementor-widget elementor-widget-heading\" data-id=\"db2f8cd\" data-element_type=\"widget\" data-e-type=\"widget\" data-widget_type=\"heading.default\">\n\t\t\t\t<div class=\"elementor-widget-container\">\n\t\t\t\t\t<h2 class=\"elementor-heading-title elementor-size-default\">Tiskov\u00e1 zpr\u00e1va<\/h2>\t\t\t\t<\/div>\n\t\t\t\t<\/div>\n\t\t\t\t\t<\/div>\n\t\t<\/div>\n\t\t\t\t\t<\/div>\n\t\t<\/section>\n\t\t\t\t<\/div>\n\t\t","protected":false},"excerpt":{"rendered":"<p>Tiskov\u00e1 zpr\u00e1va 11. ro\u010dn\u00edk MCC Kros \u0160ti\u0159\u00edn o poh\u00e1ry nejlep\u0161\u00edch atlet\u016f sv\u011bta T. Dvo\u0159\u00e1ka,R. \u0160ebrleho, J. Pt\u00e1\u010dn\u00edkov\u00e9, D. Rosolov\u00e9, J. S. Helceleta, J. Kudli\u010dky, P. Masl\u00e1ka# rokproapolinare Pomalu se st\u00e1v\u00e1 tradic\u00ed, \u017ee se \u0160ti\u0159\u00ednsk\u00fd kros se b\u011bh\u00e1 jen on-line. Douf\u00e1me,<\/p>\n","protected":false},"author":2,"featured_media":0,"parent":0,"menu_order":0,"comment_status":"closed","ping_status":"closed","template":"","meta":{"inline_featured_image":false,"footnotes":""},"class_list":["post-5940","page","type-page","status-publish","hentry","","tg-column-two"],"_links":{"self":[{"href":"https:\/\/www.kros-stirin.cz\/index.php\/wp-json\/wp\/v2\/pages\/5940","targetHints":{"allow":["GET"]}}],"collection":[{"href":"https:\/\/www.kros-stirin.cz\/index.php\/wp-json\/wp\/v2\/pages"}],"about":[{"href":"https:\/\/www.kros-stirin.cz\/index.php\/wp-json\/wp\/v2\/types\/page"}],"author":[{"embeddable":true,"href":"https:\/\/www.kros-stirin.cz\/index.php\/wp-json\/wp\/v2\/users\/2"}],"replies":[{"embeddable":true,"href":"https:\/\/www.kros-stirin.cz\/index.php\/wp-json\/wp\/v2\/comments?post=5940"}],"version-history":[{"count":25,"href":"https:\/\/www.kros-stirin.cz\/index.php\/wp-json\/wp\/v2\/pages\/5940\/revisions"}],"predecessor-version":[{"id":6166,"href":"https:\/\/www.kros-stirin.cz\/index.php\/wp-json\/wp\/v2\/pages\/5940\/revisions\/6166"}],"wp:attachment":[{"href":"https:\/\/www.kros-stirin.cz\/index.php\/wp-json\/wp\/v2\/media?parent=5940"}],"curies":[{"name":"wp","href":"https:\/\/api.w.org\/{rel}","templated":true}]}}