{"id":5928,"date":"2024-07-17T15:27:53","date_gmt":"2024-07-17T13:27:53","guid":{"rendered":"https:\/\/www.kros-stirin.cz\/?page_id=5928"},"modified":"2024-07-17T16:24:21","modified_gmt":"2024-07-17T14:24:21","slug":"zavod-2022","status":"publish","type":"page","link":"https:\/\/www.kros-stirin.cz\/index.php\/zavod-2022\/","title":{"rendered":"Z\u00e1vod 2022"},"content":{"rendered":"\t\t<div data-elementor-type=\"wp-page\" data-elementor-id=\"5928\" class=\"elementor elementor-5928\" data-elementor-post-type=\"page\">\n\t\t\t\t\t\t<section class=\"elementor-section elementor-top-section elementor-element elementor-element-a8c37d2 elementor-section-boxed elementor-section-height-default elementor-section-height-default\" data-id=\"a8c37d2\" data-element_type=\"section\" data-e-type=\"section\">\n\t\t\t\t\t\t<div class=\"elementor-container elementor-column-gap-default\">\n\t\t\t\t\t<div class=\"elementor-column elementor-col-100 elementor-top-column elementor-element elementor-element-8bb99b3\" data-id=\"8bb99b3\" data-element_type=\"column\" data-e-type=\"column\">\n\t\t\t<div class=\"elementor-widget-wrap elementor-element-populated\">\n\t\t\t\t\t\t<div class=\"elementor-element elementor-element-ca01b27 elementor-widget elementor-widget-heading\" data-id=\"ca01b27\" data-element_type=\"widget\" data-e-type=\"widget\" data-widget_type=\"heading.default\">\n\t\t\t\t<div class=\"elementor-widget-container\">\n\t\t\t\t\t<h2 class=\"elementor-heading-title elementor-size-default\">Tiskov\u00e1 zpr\u00e1va 7. \u010dervna 2022<\/h2>\t\t\t\t<\/div>\n\t\t\t\t<\/div>\n\t\t\t\t\t<\/div>\n\t\t<\/div>\n\t\t\t\t\t<\/div>\n\t\t<\/section>\n\t\t\t\t<section class=\"elementor-section elementor-top-section elementor-element elementor-element-37f6972 elementor-section-boxed elementor-section-height-default elementor-section-height-default\" data-id=\"37f6972\" data-element_type=\"section\" data-e-type=\"section\">\n\t\t\t\t\t\t<div class=\"elementor-container elementor-column-gap-default\">\n\t\t\t\t\t<div class=\"elementor-column elementor-col-100 elementor-top-column elementor-element elementor-element-e61d9cd\" data-id=\"e61d9cd\" data-element_type=\"column\" data-e-type=\"column\">\n\t\t\t<div class=\"elementor-widget-wrap elementor-element-populated\">\n\t\t\t\t\t\t<div class=\"elementor-element elementor-element-0d038a1 elementor-widget elementor-widget-text-editor\" data-id=\"0d038a1\" data-element_type=\"widget\" data-e-type=\"widget\" data-widget_type=\"text-editor.default\">\n\t\t\t\t<div class=\"elementor-widget-container\">\n\t\t\t\t\t\t\t\t\t<p><strong>7. \u010dervna 2022<\/strong><\/p><h1><b>Charitativn\u00ed z\u00e1vod MCC \u0160ti\u0159\u00edn \u2013 LIVE<\/b><\/h1><h1><b>12. ro\u010dn\u00edk MCC Kros \u0160ti\u0159\u00edn LIVE \u2013\u00a0 bude op\u011bt zachra\u0148ovat<\/b><\/h1><p>Ji\u017e tradi\u010dn\u00ed charitativn\u00ed z\u00e1vod, kter\u00fd se po dlouh\u00fdch dvou letech vr\u00e1t\u00ed zp\u011bt na zelen\u00e9 louky mezi V\u0161edobrovicemi a \u0160ti\u0159\u00ednem.<\/p><h1><b><img fetchpriority=\"high\" decoding=\"async\" class=\"alignright wp-image-4927\" src=\"https:\/\/www.kros-stirin.cz\/wp-content\/uploads\/2022\/06\/Vystrizek-1-230x300.jpg\" sizes=\"(max-width: 425px) 100vw, 425px\" srcset=\"https:\/\/www.kros-stirin.cz\/wp-content\/uploads\/2022\/06\/Vystrizek-1-230x300.jpg 230w, https:\/\/www.kros-stirin.cz\/wp-content\/uploads\/2022\/06\/Vystrizek-1.jpg 681w\" alt=\"\" width=\"425\" height=\"555\" \/><\/b><\/h1><p><b>\u201cLetos se v kr\u00e1sn\u00e9 krajin\u011b sejdeme 10. z\u00e1\u0159\u00ed 2022 a op\u011bt budeme b\u011bhat pro perinatologick\u00e9 centrum v porodnici u Apolin\u00e1\u0159e a pom\u016f\u017eeme tak zvy\u0161ovat komfort p\u0159ed\u010dasn\u011b narozen\u00fdch miminek a jejich rodin,\u201d<\/b><i>\u00a0\u0159\u00edk\u00e1 \u0159editel z\u00e1vodu prof. MUDr. Anton\u00edn Pa\u0159\u00edzek, CSc.\u00a0<\/i><\/p><p><b>\u017dhavou novinkou bude mo\u017enost placen\u00ed startovn\u00e9ho =\u00a0 finan\u010dn\u00ed podpory t\u00e9to porodnici prost\u0159ednictv\u00edm QR k\u00f3d\u016f a to je\u0161t\u011b p\u0159ed zah\u00e1jen\u00edm samotn\u00e9ho z\u00e1vodu.<br \/><\/b><b><br \/><\/b><b>\u201cSv\u00e9 startovn\u00e9 uvid\u00edte v r\u00e1mci transparentn\u00edho konta Mother Care Centrum spol. s r.o.. Celkov\u00fd v\u00fdt\u011b\u017eek bude posl\u00e9ze darov\u00e1n Nada\u010dn\u00edmu fondu Vita et Futura. Po zaplacen\u00ed\u00a0 bude\u00a0 pro ka\u017ed\u00e9ho z\u00e1vodn\u00edka p\u0159ipraveno startovn\u00ed \u010d\u00edslo v\u010detn\u011b m\u011b\u0159\u00edc\u00edho \u010dipu p\u0159i osobn\u00ed registraci do z\u00e1vodu,\u201d<\/b><i>\u00a0dod\u00e1v\u00e1 technick\u00e1 \u0159editelka z\u00e1vodu ing. Gabriela \u010cerm\u00e1kov\u00e1<\/i><\/p><p>MCC Kros \u0160ti\u0159\u00edn, z\u00e1vod o poh\u00e1ry nejlep\u0161\u00edch atlet\u016f sv\u011bta T. Dvo\u0159\u00e1ka, R. \u0160ebrleho, J. Pt\u00e1\u010dn\u00edkov\u00e9, D. Helceletov\u00e9, A.S. Helceleta, J. Kudli\u010dky a v neposledn\u00ed \u0159ad\u011b st\u0159\u00edbrn\u00e9ho olympijsk\u00e9ho medailisty z Tokia Jakuba Vadlejcha se kon\u00e1 pod z\u00e1\u0161titou Ing. Pavla \u010cerm\u00e1ka, starosty obce Kamenice v jej\u00edm\u017e katastru se \u0161ti\u0159\u00ednsk\u00e9 louky nach\u00e1zej\u00ed.<\/p><p>Ji\u017e 12 let se setk\u00e1vaj\u00ed b\u011b\u017eci v\u0161ech v\u011bkov\u00fdch kategori\u00ed, aby sv\u00fdm b\u011bhem podpo\u0159ili sami sebe, ty nejmlad\u0161\u00ed p\u0159il\u00e1kali k pohybu a z\u00e1rove\u0148 p\u0159isp\u011bli mimink\u016fm do dlan\u011b v prvn\u00edch dnech jejich \u017eivota. Posledn\u00ed dva roky se d\u00edky pandemii COVID \u2013 19 b\u011bhalo virtu\u00e1ln\u011b a v\u00fdt\u011b\u017eky z t\u011bchto z\u00e1vod\u016f nebyly mal\u00e9.<\/p><p>\u201cP\u0159i virtu\u00e1ln\u00edch b\u011bz\u00edch v roce 2020 jste podpo\u0159ili perinatologick\u00e9 centrum celkovou v\u00fd\u0161\u00ed <b>303 226 K\u010d<\/b> a v roce 2021 to bylo<b> 385 486 K\u010d<\/b>. Letos to bude<b> LIVE<\/b> a douf\u00e1me, \u017ee tyto \u010d\u00e1stky hrav\u011b p\u0159ekon\u00e1me,\u201d <i>dopl\u0148uje hlavn\u00ed organiz\u00e1torka Petra Pa\u0159\u00edzkov\u00e1\u00a0\u00a0\u00a0<\/i><\/p><p>\u00a0<\/p><p><strong>\u010c\u00edslo transparentn\u00edho \u00fa\u010dtu <b>Mother Care Centrum spol. s r.o.<\/b>: 292872627\/0300<\/strong><\/p><p>\u00a0<\/p><p><b>Kontakt pro m\u00e9dia<\/b><\/p><p><b>Web: <\/b><a href=\"http:\/\/www.kros-stirin.cz\">www.kros-stirin.cz<\/a><\/p><p><b>Instagram:\u00a0<\/b>kros_stirin<\/p><p><b>Facebook:<\/b> Kros \u2013 \u0160ti\u0159\u00edn<\/p><p><b>Email: <\/b><a href=\"mailto:info.mcc.kros@gmail.com\">info.mcc.kros@gmail.com<\/a><\/p><p><b>Kontaktn\u00ed osoba:<\/b> Petra Pa\u0159\u00edzkov\u00e1 721236292<\/p>\t\t\t\t\t\t\t\t<\/div>\n\t\t\t\t<\/div>\n\t\t\t\t\t<\/div>\n\t\t<\/div>\n\t\t\t\t\t<\/div>\n\t\t<\/section>\n\t\t\t\t<section class=\"elementor-section elementor-top-section elementor-element elementor-element-df1398d elementor-section-boxed elementor-section-height-default elementor-section-height-default\" data-id=\"df1398d\" data-element_type=\"section\" data-e-type=\"section\">\n\t\t\t\t\t\t<div class=\"elementor-container elementor-column-gap-default\">\n\t\t\t\t\t<div class=\"elementor-column elementor-col-100 elementor-top-column elementor-element elementor-element-ebf7b5f\" data-id=\"ebf7b5f\" data-element_type=\"column\" data-e-type=\"column\">\n\t\t\t<div class=\"elementor-widget-wrap elementor-element-populated\">\n\t\t\t\t\t\t<div class=\"elementor-element elementor-element-9a36d20 elementor-widget elementor-widget-heading\" data-id=\"9a36d20\" data-element_type=\"widget\" data-e-type=\"widget\" data-widget_type=\"heading.default\">\n\t\t\t\t<div class=\"elementor-widget-container\">\n\t\t\t\t\t<h2 class=\"elementor-heading-title elementor-size-default\">Fotogalerie<\/h2>\t\t\t\t<\/div>\n\t\t\t\t<\/div>\n\t\t\t\t\t<\/div>\n\t\t<\/div>\n\t\t\t\t\t<\/div>\n\t\t<\/section>\n\t\t\t\t<section class=\"elementor-section elementor-top-section elementor-element elementor-element-83c05f1 elementor-section-boxed elementor-section-height-default elementor-section-height-default\" data-id=\"83c05f1\" data-element_type=\"section\" data-e-type=\"section\">\n\t\t\t\t\t\t<div class=\"elementor-container elementor-column-gap-default\">\n\t\t\t\t\t<div class=\"elementor-column elementor-col-100 elementor-top-column elementor-element elementor-element-75067c7\" data-id=\"75067c7\" data-element_type=\"column\" data-e-type=\"column\">\n\t\t\t<div class=\"elementor-widget-wrap elementor-element-populated\">\n\t\t\t\t\t\t<div class=\"elementor-element elementor-element-1f32f1b elementor-widget elementor-widget-gallery\" data-id=\"1f32f1b\" data-element_type=\"widget\" data-e-type=\"widget\" data-settings=\"{&quot;lazyload&quot;:&quot;yes&quot;,&quot;gallery_layout&quot;:&quot;grid&quot;,&quot;columns&quot;:4,&quot;columns_tablet&quot;:2,&quot;columns_mobile&quot;:1,&quot;gap&quot;:{&quot;unit&quot;:&quot;px&quot;,&quot;size&quot;:10,&quot;sizes&quot;:[]},&quot;gap_tablet&quot;:{&quot;unit&quot;:&quot;px&quot;,&quot;size&quot;:10,&quot;sizes&quot;:[]},&quot;gap_mobile&quot;:{&quot;unit&quot;:&quot;px&quot;,&quot;size&quot;:10,&quot;sizes&quot;:[]},&quot;link_to&quot;:&quot;file&quot;,&quot;aspect_ratio&quot;:&quot;3:2&quot;,&quot;overlay_background&quot;:&quot;yes&quot;,&quot;content_hover_animation&quot;:&quot;fade-in&quot;}\" data-widget_type=\"gallery.default\">\n\t\t\t\t<div class=\"elementor-widget-container\">\n\t\t\t\t\t\t\t<div class=\"elementor-gallery__container\">\n\t\t\t\t\t\t\t<a class=\"e-gallery-item elementor-gallery-item elementor-animated-content\" href=\"https:\/\/www.kros-stirin.cz\/wp-content\/uploads\/2024\/02\/KROS_STIRIN_2022-279-scaled.jpg\" data-elementor-open-lightbox=\"yes\" data-elementor-lightbox-slideshow=\"1f32f1b\" data-elementor-lightbox-title=\"KROS_STIRIN_2022-279\" data-e-action-hash=\"#elementor-action%3Aaction%3Dlightbox%26settings%3DeyJpZCI6NTc3NiwidXJsIjoiaHR0cHM6XC9cL3d3dy5rcm9zLXN0aXJpbi5jelwvd3AtY29udGVudFwvdXBsb2Fkc1wvMjAyNFwvMDJcL0tST1NfU1RJUklOXzIwMjItMjc5LXNjYWxlZC5qcGciLCJzbGlkZXNob3ciOiIxZjMyZjFiIn0%3D\" data-rel=\"lightbox-image-0\" data-rl_title=\"\" data-rl_caption=\"\" title=\"\">\n\t\t\t\t\t<div class=\"e-gallery-image elementor-gallery-item__image\" data-thumbnail=\"https:\/\/www.kros-stirin.cz\/wp-content\/uploads\/2024\/02\/KROS_STIRIN_2022-279-225x300.jpg\" data-width=\"225\" data-height=\"300\" aria-label=\"\" role=\"img\" ><\/div>\n\t\t\t\t\t\t\t\t\t\t\t<div class=\"elementor-gallery-item__overlay\"><\/div>\n\t\t\t\t\t\t\t\t\t\t\t\t\t\t<\/a>\n\t\t\t\t\t\t\t<a class=\"e-gallery-item elementor-gallery-item elementor-animated-content\" href=\"https:\/\/www.kros-stirin.cz\/wp-content\/uploads\/2024\/02\/KROS_STIRIN_2022-182-scaled.jpg\" data-elementor-open-lightbox=\"yes\" data-elementor-lightbox-slideshow=\"1f32f1b\" data-elementor-lightbox-title=\"KROS_STIRIN_2022-182\" data-e-action-hash=\"#elementor-action%3Aaction%3Dlightbox%26settings%3DeyJpZCI6NTc3NSwidXJsIjoiaHR0cHM6XC9cL3d3dy5rcm9zLXN0aXJpbi5jelwvd3AtY29udGVudFwvdXBsb2Fkc1wvMjAyNFwvMDJcL0tST1NfU1RJUklOXzIwMjItMTgyLXNjYWxlZC5qcGciLCJzbGlkZXNob3ciOiIxZjMyZjFiIn0%3D\" data-rel=\"lightbox-image-1\" data-rl_title=\"\" data-rl_caption=\"\" title=\"\">\n\t\t\t\t\t<div class=\"e-gallery-image elementor-gallery-item__image\" data-thumbnail=\"https:\/\/www.kros-stirin.cz\/wp-content\/uploads\/2024\/02\/KROS_STIRIN_2022-182-300x200.jpg\" data-width=\"300\" data-height=\"200\" aria-label=\"\" role=\"img\" ><\/div>\n\t\t\t\t\t\t\t\t\t\t\t<div class=\"elementor-gallery-item__overlay\"><\/div>\n\t\t\t\t\t\t\t\t\t\t\t\t\t\t<\/a>\n\t\t\t\t\t\t\t<a class=\"e-gallery-item elementor-gallery-item elementor-animated-content\" href=\"https:\/\/www.kros-stirin.cz\/wp-content\/uploads\/2024\/02\/KROS_STIRIN_2022-293-scaled.jpg\" data-elementor-open-lightbox=\"yes\" data-elementor-lightbox-slideshow=\"1f32f1b\" data-elementor-lightbox-title=\"KROS_STIRIN_2022-293\" data-e-action-hash=\"#elementor-action%3Aaction%3Dlightbox%26settings%3DeyJpZCI6NTc3NCwidXJsIjoiaHR0cHM6XC9cL3d3dy5rcm9zLXN0aXJpbi5jelwvd3AtY29udGVudFwvdXBsb2Fkc1wvMjAyNFwvMDJcL0tST1NfU1RJUklOXzIwMjItMjkzLXNjYWxlZC5qcGciLCJzbGlkZXNob3ciOiIxZjMyZjFiIn0%3D\" data-rel=\"lightbox-image-2\" data-rl_title=\"\" data-rl_caption=\"\" title=\"\">\n\t\t\t\t\t<div class=\"e-gallery-image elementor-gallery-item__image\" data-thumbnail=\"https:\/\/www.kros-stirin.cz\/wp-content\/uploads\/2024\/02\/KROS_STIRIN_2022-293-300x200.jpg\" data-width=\"300\" data-height=\"200\" aria-label=\"\" role=\"img\" ><\/div>\n\t\t\t\t\t\t\t\t\t\t\t<div class=\"elementor-gallery-item__overlay\"><\/div>\n\t\t\t\t\t\t\t\t\t\t\t\t\t\t<\/a>\n\t\t\t\t\t\t\t<a class=\"e-gallery-item elementor-gallery-item elementor-animated-content\" href=\"https:\/\/www.kros-stirin.cz\/wp-content\/uploads\/2024\/02\/KROS_STIRIN_2022-294-scaled.jpg\" data-elementor-open-lightbox=\"yes\" data-elementor-lightbox-slideshow=\"1f32f1b\" data-elementor-lightbox-title=\"KROS_STIRIN_2022-294\" data-e-action-hash=\"#elementor-action%3Aaction%3Dlightbox%26settings%3DeyJpZCI6NTc3MywidXJsIjoiaHR0cHM6XC9cL3d3dy5rcm9zLXN0aXJpbi5jelwvd3AtY29udGVudFwvdXBsb2Fkc1wvMjAyNFwvMDJcL0tST1NfU1RJUklOXzIwMjItMjk0LXNjYWxlZC5qcGciLCJzbGlkZXNob3ciOiIxZjMyZjFiIn0%3D\" data-rel=\"lightbox-image-3\" data-rl_title=\"\" data-rl_caption=\"\" title=\"\">\n\t\t\t\t\t<div class=\"e-gallery-image elementor-gallery-item__image\" data-thumbnail=\"https:\/\/www.kros-stirin.cz\/wp-content\/uploads\/2024\/02\/KROS_STIRIN_2022-294-300x200.jpg\" data-width=\"300\" data-height=\"200\" aria-label=\"\" role=\"img\" ><\/div>\n\t\t\t\t\t\t\t\t\t\t\t<div class=\"elementor-gallery-item__overlay\"><\/div>\n\t\t\t\t\t\t\t\t\t\t\t\t\t\t<\/a>\n\t\t\t\t\t\t\t<a class=\"e-gallery-item elementor-gallery-item elementor-animated-content\" href=\"https:\/\/www.kros-stirin.cz\/wp-content\/uploads\/2024\/02\/KROS_STIRIN_2022-381-scaled.jpg\" data-elementor-open-lightbox=\"yes\" data-elementor-lightbox-slideshow=\"1f32f1b\" data-elementor-lightbox-title=\"KROS_STIRIN_2022-381\" data-e-action-hash=\"#elementor-action%3Aaction%3Dlightbox%26settings%3DeyJpZCI6NTc3MiwidXJsIjoiaHR0cHM6XC9cL3d3dy5rcm9zLXN0aXJpbi5jelwvd3AtY29udGVudFwvdXBsb2Fkc1wvMjAyNFwvMDJcL0tST1NfU1RJUklOXzIwMjItMzgxLXNjYWxlZC5qcGciLCJzbGlkZXNob3ciOiIxZjMyZjFiIn0%3D\" data-rel=\"lightbox-image-4\" data-rl_title=\"\" data-rl_caption=\"\" title=\"\">\n\t\t\t\t\t<div class=\"e-gallery-image elementor-gallery-item__image\" data-thumbnail=\"https:\/\/www.kros-stirin.cz\/wp-content\/uploads\/2024\/02\/KROS_STIRIN_2022-381-300x200.jpg\" data-width=\"300\" data-height=\"200\" aria-label=\"\" role=\"img\" ><\/div>\n\t\t\t\t\t\t\t\t\t\t\t<div class=\"elementor-gallery-item__overlay\"><\/div>\n\t\t\t\t\t\t\t\t\t\t\t\t\t\t<\/a>\n\t\t\t\t\t\t\t<a class=\"e-gallery-item elementor-gallery-item elementor-animated-content\" href=\"https:\/\/www.kros-stirin.cz\/wp-content\/uploads\/2024\/02\/KROS_STIRIN_2022-475-scaled.jpg\" data-elementor-open-lightbox=\"yes\" data-elementor-lightbox-slideshow=\"1f32f1b\" data-elementor-lightbox-title=\"KROS_STIRIN_2022-475\" data-e-action-hash=\"#elementor-action%3Aaction%3Dlightbox%26settings%3DeyJpZCI6NTc3MSwidXJsIjoiaHR0cHM6XC9cL3d3dy5rcm9zLXN0aXJpbi5jelwvd3AtY29udGVudFwvdXBsb2Fkc1wvMjAyNFwvMDJcL0tST1NfU1RJUklOXzIwMjItNDc1LXNjYWxlZC5qcGciLCJzbGlkZXNob3ciOiIxZjMyZjFiIn0%3D\" data-rel=\"lightbox-image-5\" data-rl_title=\"\" data-rl_caption=\"\" title=\"\">\n\t\t\t\t\t<div class=\"e-gallery-image elementor-gallery-item__image\" data-thumbnail=\"https:\/\/www.kros-stirin.cz\/wp-content\/uploads\/2024\/02\/KROS_STIRIN_2022-475-200x300.jpg\" data-width=\"200\" data-height=\"300\" aria-label=\"\" role=\"img\" ><\/div>\n\t\t\t\t\t\t\t\t\t\t\t<div class=\"elementor-gallery-item__overlay\"><\/div>\n\t\t\t\t\t\t\t\t\t\t\t\t\t\t<\/a>\n\t\t\t\t\t\t\t<a class=\"e-gallery-item elementor-gallery-item elementor-animated-content\" href=\"https:\/\/www.kros-stirin.cz\/wp-content\/uploads\/2024\/02\/KROS_STIRIN_2022-492-scaled.jpg\" data-elementor-open-lightbox=\"yes\" data-elementor-lightbox-slideshow=\"1f32f1b\" data-elementor-lightbox-title=\"Kros 2019\" data-e-action-hash=\"#elementor-action%3Aaction%3Dlightbox%26settings%3DeyJpZCI6NTc3MCwidXJsIjoiaHR0cHM6XC9cL3d3dy5rcm9zLXN0aXJpbi5jelwvd3AtY29udGVudFwvdXBsb2Fkc1wvMjAyNFwvMDJcL0tST1NfU1RJUklOXzIwMjItNDkyLXNjYWxlZC5qcGciLCJzbGlkZXNob3ciOiIxZjMyZjFiIn0%3D\" data-rel=\"lightbox-image-6\" data-rl_title=\"\" data-rl_caption=\"\" title=\"\">\n\t\t\t\t\t<div class=\"e-gallery-image elementor-gallery-item__image\" data-thumbnail=\"https:\/\/www.kros-stirin.cz\/wp-content\/uploads\/2024\/02\/KROS_STIRIN_2022-492-225x300.jpg\" data-width=\"225\" data-height=\"300\" aria-label=\"\" role=\"img\" ><\/div>\n\t\t\t\t\t\t\t\t\t\t\t<div class=\"elementor-gallery-item__overlay\"><\/div>\n\t\t\t\t\t\t\t\t\t\t\t\t\t\t<\/a>\n\t\t\t\t\t<\/div>\n\t\t\t\t\t<\/div>\n\t\t\t\t<\/div>\n\t\t\t\t\t<\/div>\n\t\t<\/div>\n\t\t\t\t\t<\/div>\n\t\t<\/section>\n\t\t\t\t<section class=\"elementor-section elementor-top-section elementor-element elementor-element-6b18566 elementor-section-boxed elementor-section-height-default elementor-section-height-default\" data-id=\"6b18566\" data-element_type=\"section\" data-e-type=\"section\">\n\t\t\t\t\t\t<div class=\"elementor-container elementor-column-gap-default\">\n\t\t\t\t\t<div class=\"elementor-column elementor-col-100 elementor-top-column elementor-element elementor-element-4b4cc97\" data-id=\"4b4cc97\" data-element_type=\"column\" data-e-type=\"column\">\n\t\t\t<div class=\"elementor-widget-wrap elementor-element-populated\">\n\t\t\t\t\t\t<div class=\"elementor-element elementor-element-9020f1e elementor-widget elementor-widget-heading\" data-id=\"9020f1e\" data-element_type=\"widget\" data-e-type=\"widget\" data-widget_type=\"heading.default\">\n\t\t\t\t<div class=\"elementor-widget-container\">\n\t\t\t\t\t<h2 class=\"elementor-heading-title elementor-size-default\">Video<\/h2>\t\t\t\t<\/div>\n\t\t\t\t<\/div>\n\t\t\t\t\t<\/div>\n\t\t<\/div>\n\t\t\t\t\t<\/div>\n\t\t<\/section>\n\t\t\t\t<section class=\"elementor-section elementor-top-section elementor-element elementor-element-83d491b elementor-section-boxed elementor-section-height-default elementor-section-height-default\" data-id=\"83d491b\" data-element_type=\"section\" data-e-type=\"section\">\n\t\t\t\t\t\t<div class=\"elementor-container elementor-column-gap-default\">\n\t\t\t\t\t<div class=\"elementor-column elementor-col-100 elementor-top-column elementor-element elementor-element-47f16d3\" data-id=\"47f16d3\" data-element_type=\"column\" data-e-type=\"column\">\n\t\t\t<div class=\"elementor-widget-wrap elementor-element-populated\">\n\t\t\t\t\t\t<div class=\"elementor-element elementor-element-92d8df0 elementor-widget elementor-widget-heading\" data-id=\"92d8df0\" data-element_type=\"widget\" data-e-type=\"widget\" data-widget_type=\"heading.default\">\n\t\t\t\t<div class=\"elementor-widget-container\">\n\t\t\t\t\t<h2 class=\"elementor-heading-title elementor-size-default\">Noviny<\/h2>\t\t\t\t<\/div>\n\t\t\t\t<\/div>\n\t\t\t\t\t<\/div>\n\t\t<\/div>\n\t\t\t\t\t<\/div>\n\t\t<\/section>\n\t\t\t\t<section class=\"elementor-section elementor-top-section elementor-element elementor-element-3b359e7 elementor-section-boxed elementor-section-height-default elementor-section-height-default\" data-id=\"3b359e7\" data-element_type=\"section\" data-e-type=\"section\">\n\t\t\t\t\t\t<div class=\"elementor-container elementor-column-gap-default\">\n\t\t\t\t\t<div class=\"elementor-column elementor-col-100 elementor-top-column elementor-element elementor-element-e26b209\" data-id=\"e26b209\" data-element_type=\"column\" data-e-type=\"column\">\n\t\t\t<div class=\"elementor-widget-wrap elementor-element-populated\">\n\t\t\t\t\t\t<div class=\"elementor-element elementor-element-dc4bf3a elementor-widget elementor-widget-heading\" data-id=\"dc4bf3a\" data-element_type=\"widget\" data-e-type=\"widget\" data-widget_type=\"heading.default\">\n\t\t\t\t<div class=\"elementor-widget-container\">\n\t\t\t\t\t<h2 class=\"elementor-heading-title elementor-size-default\">Tiskov\u00e1 zpr\u00e1va<\/h2>\t\t\t\t<\/div>\n\t\t\t\t<\/div>\n\t\t\t\t\t<\/div>\n\t\t<\/div>\n\t\t\t\t\t<\/div>\n\t\t<\/section>\n\t\t\t\t<\/div>\n\t\t","protected":false},"excerpt":{"rendered":"<p>Tiskov\u00e1 zpr\u00e1va 7. \u010dervna 2022 7. \u010dervna 2022 Charitativn\u00ed z\u00e1vod MCC \u0160ti\u0159\u00edn \u2013 LIVE 12. ro\u010dn\u00edk MCC Kros \u0160ti\u0159\u00edn LIVE \u2013\u00a0 bude op\u011bt zachra\u0148ovat Ji\u017e tradi\u010dn\u00ed charitativn\u00ed z\u00e1vod, kter\u00fd se po dlouh\u00fdch dvou letech vr\u00e1t\u00ed zp\u011bt na zelen\u00e9 louky mezi<\/p>\n","protected":false},"author":2,"featured_media":0,"parent":0,"menu_order":0,"comment_status":"closed","ping_status":"closed","template":"","meta":{"inline_featured_image":false,"footnotes":""},"class_list":["post-5928","page","type-page","status-publish","hentry","","tg-column-two"],"_links":{"self":[{"href":"https:\/\/www.kros-stirin.cz\/index.php\/wp-json\/wp\/v2\/pages\/5928","targetHints":{"allow":["GET"]}}],"collection":[{"href":"https:\/\/www.kros-stirin.cz\/index.php\/wp-json\/wp\/v2\/pages"}],"about":[{"href":"https:\/\/www.kros-stirin.cz\/index.php\/wp-json\/wp\/v2\/types\/page"}],"author":[{"embeddable":true,"href":"https:\/\/www.kros-stirin.cz\/index.php\/wp-json\/wp\/v2\/users\/2"}],"replies":[{"embeddable":true,"href":"https:\/\/www.kros-stirin.cz\/index.php\/wp-json\/wp\/v2\/comments?post=5928"}],"version-history":[{"count":7,"href":"https:\/\/www.kros-stirin.cz\/index.php\/wp-json\/wp\/v2\/pages\/5928\/revisions"}],"predecessor-version":[{"id":6006,"href":"https:\/\/www.kros-stirin.cz\/index.php\/wp-json\/wp\/v2\/pages\/5928\/revisions\/6006"}],"wp:attachment":[{"href":"https:\/\/www.kros-stirin.cz\/index.php\/wp-json\/wp\/v2\/media?parent=5928"}],"curies":[{"name":"wp","href":"https:\/\/api.w.org\/{rel}","templated":true}]}}