{"id":5750,"date":"2024-02-10T16:21:25","date_gmt":"2024-02-10T15:21:25","guid":{"rendered":"https:\/\/www.kros-stirin.cz\/?page_id=5750"},"modified":"2024-02-10T16:21:25","modified_gmt":"2024-02-10T15:21:25","slug":"vysledky-2022","status":"publish","type":"page","link":"https:\/\/www.kros-stirin.cz\/index.php\/vysledky-2022\/","title":{"rendered":"V\u00fdsledky 2022"},"content":{"rendered":"<h1><a href=\"https:\/\/results.onlinesystem.cz\/Results\/Index?year=2022&amp;month=2&amp;sport=0&amp;searchText=Kros+%C5%A0ti%C5%99%C3%ADn\">V\u00fdsledky ro\u010dn\u00edku 2022<\/a><\/h1>\n","protected":false},"excerpt":{"rendered":"<p>V\u00fdsledky ro\u010dn\u00edku 2022<\/p>\n","protected":false},"author":2,"featured_media":0,"parent":0,"menu_order":0,"comment_status":"closed","ping_status":"closed","template":"","meta":{"inline_featured_image":false,"footnotes":""},"class_list":["post-5750","page","type-page","status-publish","hentry","","tg-column-two"],"_links":{"self":[{"href":"https:\/\/www.kros-stirin.cz\/index.php\/wp-json\/wp\/v2\/pages\/5750","targetHints":{"allow":["GET"]}}],"collection":[{"href":"https:\/\/www.kros-stirin.cz\/index.php\/wp-json\/wp\/v2\/pages"}],"about":[{"href":"https:\/\/www.kros-stirin.cz\/index.php\/wp-json\/wp\/v2\/types\/page"}],"author":[{"embeddable":true,"href":"https:\/\/www.kros-stirin.cz\/index.php\/wp-json\/wp\/v2\/users\/2"}],"replies":[{"embeddable":true,"href":"https:\/\/www.kros-stirin.cz\/index.php\/wp-json\/wp\/v2\/comments?post=5750"}],"version-history":[{"count":1,"href":"https:\/\/www.kros-stirin.cz\/index.php\/wp-json\/wp\/v2\/pages\/5750\/revisions"}],"predecessor-version":[{"id":5751,"href":"https:\/\/www.kros-stirin.cz\/index.php\/wp-json\/wp\/v2\/pages\/5750\/revisions\/5751"}],"wp:attachment":[{"href":"https:\/\/www.kros-stirin.cz\/index.php\/wp-json\/wp\/v2\/media?parent=5750"}],"curies":[{"name":"wp","href":"https:\/\/api.w.org\/{rel}","templated":true}]}}