{"id":5736,"date":"2024-02-10T16:14:40","date_gmt":"2024-02-10T15:14:40","guid":{"rendered":"https:\/\/www.kros-stirin.cz\/?page_id=5736"},"modified":"2024-02-10T16:27:50","modified_gmt":"2024-02-10T15:27:50","slug":"vysledky-20019","status":"publish","type":"page","link":"https:\/\/www.kros-stirin.cz\/index.php\/vysledky-20019\/","title":{"rendered":"V\u00fdsledky 2019"},"content":{"rendered":"<h1>V\u00fdsledky ro\u010dn\u00edku 2019<\/h1>\n","protected":false},"excerpt":{"rendered":"<p>V\u00fdsledky ro\u010dn\u00edku 2019<\/p>\n","protected":false},"author":2,"featured_media":0,"parent":0,"menu_order":0,"comment_status":"closed","ping_status":"closed","template":"","meta":{"inline_featured_image":false,"footnotes":""},"class_list":["post-5736","page","type-page","status-publish","hentry","","tg-column-two"],"_links":{"self":[{"href":"https:\/\/www.kros-stirin.cz\/index.php\/wp-json\/wp\/v2\/pages\/5736","targetHints":{"allow":["GET"]}}],"collection":[{"href":"https:\/\/www.kros-stirin.cz\/index.php\/wp-json\/wp\/v2\/pages"}],"about":[{"href":"https:\/\/www.kros-stirin.cz\/index.php\/wp-json\/wp\/v2\/types\/page"}],"author":[{"embeddable":true,"href":"https:\/\/www.kros-stirin.cz\/index.php\/wp-json\/wp\/v2\/users\/2"}],"replies":[{"embeddable":true,"href":"https:\/\/www.kros-stirin.cz\/index.php\/wp-json\/wp\/v2\/comments?post=5736"}],"version-history":[{"count":4,"href":"https:\/\/www.kros-stirin.cz\/index.php\/wp-json\/wp\/v2\/pages\/5736\/revisions"}],"predecessor-version":[{"id":5760,"href":"https:\/\/www.kros-stirin.cz\/index.php\/wp-json\/wp\/v2\/pages\/5736\/revisions\/5760"}],"wp:attachment":[{"href":"https:\/\/www.kros-stirin.cz\/index.php\/wp-json\/wp\/v2\/media?parent=5736"}],"curies":[{"name":"wp","href":"https:\/\/api.w.org\/{rel}","templated":true}]}}