{"id":56,"date":"2016-08-19T10:59:42","date_gmt":"2016-08-19T08:59:42","guid":{"rendered":"http:\/\/kros.3sixty.eu\/?page_id=56"},"modified":"2019-05-13T16:03:54","modified_gmt":"2019-05-13T14:03:54","slug":"partneri","status":"publish","type":"page","link":"https:\/\/www.kros-stirin.cz\/index.php\/partneri\/","title":{"rendered":"Partne\u0159i"},"content":{"rendered":"<p><!--more--><\/p>\n<h3><strong>Hlavn\u00ed partner MCC<\/strong> <strong>Kros \u0160ti\u0159\u00edn 2019<\/strong>:<\/h3>\n<h1>Bohemia Energy a.s.<img decoding=\"async\" class=\"alignright wp-image-84\" src=\"https:\/\/www.kros-stirin.cz\/wp-content\/uploads\/2016\/08\/bohemia_energy-300x114.jpg\" alt=\"bohemia_energy\" width=\"305\" height=\"116\" srcset=\"https:\/\/www.kros-stirin.cz\/wp-content\/uploads\/2016\/08\/bohemia_energy-300x114.jpg 300w, https:\/\/www.kros-stirin.cz\/wp-content\/uploads\/2016\/08\/bohemia_energy.jpg 316w\" sizes=\"(max-width: 305px) 100vw, 305px\" \/><\/h1>\n<p>O Bohemia Energy<\/p>\n<p>Spole\u010dnost Bohemia Energy je nejv\u011bt\u0161\u00edm alternativn\u00edm dodavatelem elekt\u0159iny a plynu<br \/>\nv\u00a0\u010cesk\u00e9 republice, kter\u00fd na trhu p\u016fsob\u00ed ji\u017e v\u00edce ne\u017e 10 let. Jako v\u016fbec prvn\u00ed alternativn\u00ed dodavatel energi\u00ed st\u00e1la v\u00a0roce 2005 u zrodu tuzemsk\u00e9ho liberalizovan\u00e9ho trhu s\u00a0elekt\u0159inou a plynem, jen\u017e umo\u017enil z\u00e1kazn\u00edk\u016fm zm\u011bnit sv\u00e9ho st\u00e1vaj\u00edc\u00edho dodavatele za cenov\u011b v\u00fdhodn\u011bj\u0161\u00edho.<\/p>\n<p>Sv\u00fdm z\u00e1kazn\u00edk\u016fm poskytuje Bohemia Energy garanci cenov\u00e9 v\u00fdhodnosti energi\u00ed oproti dominantn\u00edmu dodavateli v\u00a0dan\u00e9m regionu. P\u0159edn\u00ed postaven\u00ed na trhu si udr\u017euje mimo jin\u00e9 tak\u00e9 d\u00edky \u0161pi\u010dkov\u00e9 z\u00e1kaznick\u00e9 p\u00e9\u010di zalo\u017een\u00e9 na osobn\u00edm p\u0159\u00edstupu. V\u00a0sou\u010dasn\u00e9 dob\u011b obsluhuje v\u00edce ne\u017e 1 milion z\u00e1kazn\u00edk\u016f.<\/p>\n<p>\u00dasp\u011bch Bohemia Energy zavazuje k\u00a0tomu, aby pom\u00e1hala t\u011bm nejpot\u0159ebn\u011bj\u0161\u00edm. Kl\u00ed\u010dovou aktivitou spole\u010dnosti se tak stala podpora t\u011b\u017ece nemocn\u00fdch d\u011bt\u00ed.\u00a0 Bohemia Energy se rovn\u011b\u017e anga\u017euje v\u00a0mnoha dal\u0161\u00edch u\u017eite\u010dn\u00fdch projektech ve\u0159ejn\u011b prosp\u011b\u0161n\u00fdch organizac\u00ed, jako je nap\u0159\u00edklad N\u00e1rodn\u00ed muzeum, \u010cesk\u00e1 asociace streetwork, \u010cern\u00ed kon\u011b, nadace Artevide a v\u00a0neposledn\u00ed \u0159ad\u011b tak\u00e9 MCC Kros \u0160ti\u0159\u00edn. \u00a0Velmi si t\u00e9to spolupr\u00e1ce cen\u00edme a jsme r\u00e1di, \u017ee m\u016f\u017eeme d\u00edky p\u0159\u00edzni na\u0161ich z\u00e1kazn\u00edk\u016f pom\u00e1hat tam, kde je to skute\u010dn\u011b pot\u0159eba.<\/p>\n<h3><strong>Ostatn\u00ed partne\u0159i:<\/strong><\/h3>\n<h1>Procter&amp;Gamble<\/h1>\n<h1><img decoding=\"async\" class=\"alignright wp-image-3119\" src=\"https:\/\/www.kros-stirin.cz\/wp-content\/uploads\/2018\/04\/V\u00fdst\u0159i\u017eek-300x196.jpg\" alt=\"\" width=\"250\" height=\"163\" srcset=\"https:\/\/www.kros-stirin.cz\/wp-content\/uploads\/2018\/04\/V\u00fdst\u0159i\u017eek-300x196.jpg 300w, https:\/\/www.kros-stirin.cz\/wp-content\/uploads\/2018\/04\/V\u00fdst\u0159i\u017eek.jpg 491w\" sizes=\"(max-width: 250px) 100vw, 250px\" \/><\/h1>\n<p>Zna\u010dka Pampers ve spolupr\u00e1ci s neziskovou organizac\u00ed Nedoklubko nyn\u00ed nov\u011b p\u0159edstavila plenky Pampers Preemie pro nedono\u0161en\u00e1 miminka, kter\u00e9 bude darovat v\u0161em nemocnic\u00edm po cel\u00e9 \u010cesk\u00e9 republice. \u201ePampers se v\u011bnuje \u0161\u0165astn\u00e9mu a zdrav\u00e9mu v\u00fdvoji d\u011bt\u00ed v\u00edce ne\u017e 50 let od doby, kdy jsme vyvinuli na\u0161i prvn\u00ed plenku,\u201c \u0159\u00edk\u00e1 Country Manager Procter &amp; Gamble pro \u010ceskou republiku a Slovensko Marek Skys\u013eak. \u201eOd roku 2002 jsme prvn\u00edm v\u00fdznamn\u00fdm v\u00fdrobcem d\u011btsk\u00fdch plenek pro p\u0159ed\u010dasn\u011b narozen\u00e9 d\u011bti. Kdy\u017e n\u00e1s sest\u0159i\u010dky z novorozeneck\u00fdch jednotek intenzivn\u00ed p\u00e9\u010de oslovily, abychom navrhli plenku pro miminka v\u00e1\u017e\u00edc\u00ed 800 gram\u016f, v\u0161ichni v Pampers byli nad\u0161eni my\u0161lenkou vyvinout nejlep\u0161\u00ed plenku pro ty v\u016fbec nejzraniteln\u011bj\u0161\u00ed d\u011bti,\u201c dopl\u0148uje Marek Skys\u013eak. Tyto plenky jsou navr\u017eeny tak, aby minimalizovaly ru\u0161iv\u00e9 podn\u011bty a podpo\u0159ily klidn\u00fd sp\u00e1nek, spr\u00e1vn\u00e9 polohov\u00e1n\u00ed a zdravotn\u00ed p\u00e9\u010di u p\u0159ed\u010dasn\u011b narozen\u00fdch d\u011bt\u00ed.<\/p>\n<p><span style=\"color: #993366;\">www.pampers.cz<\/span><\/p>\n<h1>GardX \u00a0Protection<img decoding=\"async\" class=\" wp-image-1931 alignright\" src=\"https:\/\/www.kros-stirin.cz\/wp-content\/uploads\/2016\/08\/Defend-300x138.jpg\" alt=\"\" width=\"280\" height=\"129\" srcset=\"https:\/\/www.kros-stirin.cz\/wp-content\/uploads\/2016\/08\/Defend-300x138.jpg 300w, https:\/\/www.kros-stirin.cz\/wp-content\/uploads\/2016\/08\/Defend-768x354.jpg 768w, https:\/\/www.kros-stirin.cz\/wp-content\/uploads\/2016\/08\/Defend-1024x473.jpg 1024w, https:\/\/www.kros-stirin.cz\/wp-content\/uploads\/2016\/08\/Defend.jpg 1092w\" sizes=\"(max-width: 280px) 100vw, 280px\" \/><\/h1>\n<p><strong>DEFEND SOLUTIONS GROUP <\/strong><\/p>\n<p>DEFEND SOLUTIONS je v\u00fdhradn\u00ed distributor VPS syst\u00e9mu na ochranu vozidel GardX pro st\u0159edn\u00ed a v\u00fdchodn\u00ed Evropu. Sada ochrann\u00fdch a bezpe\u010dnostn\u00edch p\u0159\u00edpravk\u016f pro exteri\u00e9r a interi\u00e9r vozidla vytv\u00e1\u0159\u00ed bezpe\u010dn\u011bj\u0161\u00ed podm\u00ednky pro \u0159\u00edzen\u00ed vozidla, zachov\u00e1v\u00e1 nov\u00fd vzhled vn\u011bj\u0161\u00edho laku a interi\u00e9ru vozidla po dlouhou dobu a udr\u017euje co nejvy\u0161\u0161\u00ed budouc\u00ed prodejn\u00ed hodnotu vozidla.<br \/>\nDEFEND SOLUTIONS m\u00e1 bezkonkuren\u010dn\u00ed pov\u011bst v poskytov\u00e1n\u00ed prvot\u0159\u00eddn\u00edch v\u00fdrobk\u016f se z\u00e1kaznick\u00fdm servisem a technickou podporou.<br \/>\nGardX p\u0159\u00edpravky jsou schv\u00e1leny motorov\u00fdmi v\u00fdrobci, pou\u017e\u00edv\u00e1ny prodejci automobil\u016f po cel\u00e9m sv\u011bt\u011b a mimo jin\u00e9 z\u00edskaly \u0159adu britsk\u00fdch ocen\u011bn\u00ed. V\u0161echny produkty jsou vyr\u00e1b\u011bny podle syst\u00e9mu \u0159\u00edzen\u00ed jakosti akreditovan\u00e9 na ISO9001 a pln\u011b vyhovuj\u00edc\u00ed p\u0159edpis\u016fm COSSH.<\/p>\n<p>DEFEND SOLUTIONS pe\u010duje s d\u016fv\u011brou o majetek sv\u00fdch z\u00e1kazn\u00edk\u016f, a proto je povinnost\u00ed podpo\u0159it z\u00e1vod, jeho\u017e v\u00fdt\u011b\u017eek poputuje do Centra p\u0159ed\u010dasn\u011b narozen\u00fdch d\u011bt\u00ed v porodnici \u201eU Apolin\u00e1\u0159e\u201c, kde pe\u010duj\u00ed s\u00a0d\u016fv\u011brou o to nejcenn\u011bj\u0161\u00ed \u2013 na\u0161i budouc\u00ed generaci.<\/p>\n<p><a href=\"https:\/\/www.defendsolutions.cz\">www.defendsolutions.cz<\/a><\/p>\n<h1>\u00a0Johnny-servis\u00a0<img loading=\"lazy\" decoding=\"async\" class=\" wp-image-1722 alignright\" src=\"https:\/\/www.kros-stirin.cz\/wp-content\/uploads\/2016\/08\/johnny.jpg\" alt=\"\" width=\"245\" height=\"148\" \/><\/h1>\n<p>Specializujeme se na komplexn\u00ed zaji\u0161t\u011bn\u00ed technick\u00e9ho a hygienick\u00e9ho z\u00e1zem\u00ed akc\u00ed (od mal\u00fdch rodinn\u00fdch, p\u0159es spole\u010densk\u00e9,kulturn\u00ed, sportovn\u00ed),\u00a0staveb a krizov\u00fdch situac\u00ed (blackout, povodn\u011b apod.). Zajist\u00edme od mobiln\u00edch toalet (pro mu\u017ee, \u017eeny, d\u011bti), sanit\u00e1rn\u00edch p\u0159\u00edv\u011bs\u016f, kontejner\u016f p\u0159es mobiln\u00ed oplocen\u00ed, mobiln\u00ed kancel\u00e1\u0159e a\u017e po p\u00e1rty servis a protipovod\u0148ov\u00e9 z\u00e1brany. D\u00edky hust\u00e9 s\u00edti pobo\u010dek\u00a0 zaji\u0161\u0165ujeme spolehliv\u00e9 a profesion\u00e1ln\u00ed slu\u017eby v cel\u00e9 \u010cesk\u00e9 republice a dal\u0161\u00edch zem\u00edch. Vyberte si z\u00e1zem\u00ed na va\u0161i akci na \u00a0<a href=\"https:\/\/www.johnnyservis.cz\/\">www.johnnyservis.cz<\/a>. Nebo v\u00e1m porad\u00edme na 800\u00a0100\u00a0666 a\u00a0<a href=\"mailto:podpora@jpohnnyservis.cz\">podpora@jpohnnyservis.cz<\/a><\/p>\n<h1>Boma<img loading=\"lazy\" decoding=\"async\" class=\"alignright wp-image-1704 size-medium\" src=\"https:\/\/www.kros-stirin.cz\/wp-content\/uploads\/2016\/08\/fuski_4x_B_high-300x165.png\" alt=\"\" width=\"300\" height=\"165\" srcset=\"https:\/\/www.kros-stirin.cz\/wp-content\/uploads\/2016\/08\/fuski_4x_B_high-300x165.png 300w, https:\/\/www.kros-stirin.cz\/wp-content\/uploads\/2016\/08\/fuski_4x_B_high-768x423.png 768w, https:\/\/www.kros-stirin.cz\/wp-content\/uploads\/2016\/08\/fuski_4x_B_high-1024x564.png 1024w, https:\/\/www.kros-stirin.cz\/wp-content\/uploads\/2016\/08\/fuski_4x_B_high-600x330.png 600w\" sizes=\"(max-width: 300px) 100vw, 300px\" \/><\/h1>\n<p>O spole\u010dnosti Boma<\/p>\n<p>Jsme v\u00fdrobci nejen pono\u017eek.\u00a0Nab\u00edz\u00edme kotn\u00edkov\u00e9, st\u0159edn\u00ed i vy\u0161\u0161\u00ed pono\u017eky slab\u00e9, siln\u00e9 nebo s frot\u00e9 chodidlem, extra rozta\u017en\u00e9 i kompresn\u00ed, se\u00a0zdravotn\u00edm\u00a0lemem, jednobarevn\u00e9 i s obr\u00e1zky.<br \/>\nPono\u017eky kojeneck\u00e9, d\u011btsk\u00e9, d\u00e1msk\u00e9 a p\u00e1nsk\u00e9 ale tak\u00e9 podkolenky, nadkolenky, pun\u010doch\u00e1\u010de a leg\u00edny, kompresn\u00ed pono\u017eky a podkolenky, funk\u010dn\u00ed a thermo pr\u00e1dlo, pohodln\u00e9 fitness oble\u010den\u00ed, spodn\u00ed i\u00a0no\u010dn\u00ed pr\u00e1dlo, pun\u010dochov\u00e9 zbo\u017e\u00ed, zimn\u00ed dopl\u0148ky \u2013 \u010depice, rukavice atd.<\/p>\n<p><strong>Sportovn\u00ed\u00a0kolekci\u00a0VoXX<\/strong> vyr\u00e1b\u00edme c\u00edlen\u011b pro konkr\u00e9tn\u00ed druh sportu a t\u00edm zaru\u010dujeme maxim\u00e1ln\u00ed pohodl\u00ed. Nab\u00edz\u00edme pono\u017eky cyklistick\u00e9, pro b\u011bh, fotbal, tenis, do in-line brusl\u00ed a dal\u0161\u00edch outdoorov\u00fdch a indoorov\u00fdch aktivit. Pono\u017eky maj\u00ed anatomick\u00e9 tvarov\u00e1n\u00ed a polstrovan\u00e9 z\u00f3ny zaru\u010duj\u00edc\u00ed pohodl\u00ed p\u0159i no\u0161en\u00ed. Na jejich\u00a0v\u00fdrobu pou\u017e\u00edv\u00e1me modern\u00ed materi\u00e1ly &#8211; CoolMax, SilproX, THERMOlite, Outlast, Merino vlna, Bambus nebo Modal.<\/p>\n<h1>Obec Kamenice<img loading=\"lazy\" decoding=\"async\" class=\"alignright wp-image-1697 \" src=\"https:\/\/www.kros-stirin.cz\/wp-content\/uploads\/2016\/08\/KameniceZnak.jpg\" alt=\"\" width=\"135\" height=\"152\" \/><\/h1>\n<p>\u0160ti\u0159\u00ednsk\u00fd kros vznikl spont\u00e1nn\u011b a nen\u00e1padn\u011b za podpory velmi mal\u00e9ho kolektivu dobrovoln\u00edk\u016f, veden\u00fdch m\u00edstn\u00edm rod\u00e1kem\u00a0doktorem Pa\u0159\u00edzkem.\u00a0 P\u0159esto v\u0161ak hned od prvn\u00edho ro\u010dn\u00edku jde o velmi profesion\u00e1ln\u011b p\u0159ipravovanou a \u0159\u00edzenou akci, kter\u00e1 si ka\u017ed\u00fdm rokem dob\u00fdv\u00e1 v\u011bt\u0161\u00ed pozornost, jak ve sv\u011bt\u011b krosov\u00fdch b\u011b\u017ec\u016f, tak hlavn\u011b u \u00a0d\u011bt\u00ed, kter\u00e9 se v\u00a0b\u011b\u017eeck\u00fdch discipl\u00edn\u00e1ch teprve rozkouk\u00e1vaj\u00ed.\u00a0 Pro obec Kamenice se tato akce stala jedn\u00edm ze z\u00e1kladn\u00edch \u00a0stavebn\u00edch kamen\u016f p\u0159i sestavov\u00e1n\u00ed ka\u017edoro\u010dn\u00edho sportovn\u00edho kalend\u00e1\u0159e.\u00a0 Akce je unik\u00e1tn\u00ed nejen t\u00edm, \u017ee je nadstandardn\u011b zaji\u0161t\u011bna, ale p\u0159edev\u0161\u00edm t\u00edm, \u017ee se organiz\u00e1tor\u016fm poda\u0159ilo zajistit osobn\u00ed \u00fa\u010dast n\u011bkolika zlat\u00fdch olympionik\u016f a mistr\u016f sv\u011bta.\u00a0 Mlad\u00ed b\u011b\u017eci z Kamenice a okol\u00ed se mohou po celou dobu z\u00e1vodu neform\u00e1ln\u011b setkat tv\u00e1\u0159\u00ed v tv\u00e1\u0159 s t\u011bmi nejlep\u0161\u00edmi reprezentanty.\u00a0 Kamenici je na tuto v\u00fdbornou sportovn\u00ed vizitku pat\u0159i\u010dn\u011b hrd\u00e1.<\/p>\n<p>ing. Pavel \u010cerm\u00e1k starosta obce Kamenice<\/p>\n<p><a href=\"https:\/\/www.obeckamenice.cz\/\">www.obeckamenice.cz<\/a><\/p>\n<h1>Lad\u016fv Kraj<img loading=\"lazy\" decoding=\"async\" class=\"size-medium wp-image-3958 alignright\" src=\"https:\/\/www.kros-stirin.cz\/wp-content\/uploads\/2019\/05\/logo_finale-300x200.jpg\" alt=\"\" width=\"300\" height=\"200\" srcset=\"https:\/\/www.kros-stirin.cz\/wp-content\/uploads\/2019\/05\/logo_finale-300x200.jpg 300w, https:\/\/www.kros-stirin.cz\/wp-content\/uploads\/2019\/05\/logo_finale.jpg 453w\" sizes=\"(max-width: 300px) 100vw, 300px\" \/><\/h1>\n<p>je turistick\u00fd region rozkl\u00e1daj\u00edc\u00ed se\u00a0mezi Prahou a\u00a0\u0159ekou S\u00e1zavou. Pojmenov\u00e1n je po\u00a0jedn\u00e9 z\u00a0nejv\u011bt\u0161\u00edch osobnost\u00ed \u010desk\u00e9 kultury.<br \/>\n<strong><a href=\"https:\/\/www.laduv-kraj.cz\/osobnost-josefa-lady\/\">Josef Lada<\/a>,<\/strong> autor zn\u00e1m\u00e9ho kocoura Mike\u0161e a\u00a0dal\u0161\u00edch mluv\u00edc\u00edch zv\u00ed\u0159\u00e1tek, vodn\u00edk\u016f, v\u00edl a\u00a0tak\u00e9 v\u00fdtvarn\u00e9ho ztv\u00e1rn\u011bn\u00ed Ha\u0161kova dobr\u00e9ho voj\u00e1ka \u0160vejka, \u010derpal svou inspiraci z\u00a0kraje kolem rodn\u00fdch Hrusic po\u00a0cel\u00fd \u017eivot.<br \/>\nNav\u0161tivte zdej\u0161\u00ed malebnoou kopcovitou krajinu plnou les\u016f, luk, pastvin a\u00a0rybn\u00edk\u016f. \u0158ada m\u00edst V\u00e1s nech\u00e1 rychle zapomenout, \u017ee\u00a0jste vzd\u00e1leni jen 30\u00a0minut j\u00edzdy z\u00a0centra Prahy!<\/p>\n<p><a href=\"https:\/\/www.laduvkraj.cz\/\">www.laduvkraj.cz<\/a><\/p>\n<h1>BONAVITA, spol s r.o.<img loading=\"lazy\" decoding=\"async\" class=\"alignright wp-image-1701 \" src=\"https:\/\/www.kros-stirin.cz\/wp-content\/uploads\/2016\/08\/Bona-Vita-logo-300x139.jpg\" alt=\"\" width=\"250\" height=\"116\" srcset=\"https:\/\/www.kros-stirin.cz\/wp-content\/uploads\/2016\/08\/Bona-Vita-logo-300x139.jpg 300w, https:\/\/www.kros-stirin.cz\/wp-content\/uploads\/2016\/08\/Bona-Vita-logo.jpg 693w\" sizes=\"(max-width: 250px) 100vw, 250px\" \/><\/h1>\n<p>se stala leto\u0161n\u00edm partnerem v\u0161ech b\u011b\u017ec\u016f MCC kros \u0160ti\u0159\u00edn. Jejich produkty budou p\u0159ipraveny<br \/>\nv ta\u0161k\u00e1ch pro v\u0161echny v\u00e1\u0161niv\u00e9 z\u00e1vodn\u00edky.<\/p>\n<p>BONAVITA (d\u0159\u00edve Pragosoja) p\u016fsob\u00ed na trhu od roku 1991. K \u0161ir\u0161\u00ed nab\u00eddce v\u00fdrobk\u016f racion\u00e1ln\u00ed v\u00fd\u017eivy inspiroval tehdy tvo\u0159\u00edc\u00ed se firmu stav sortimentu potravin na trhu. Proto za\u010dala dov\u00e1\u017eet a n\u00e1sledn\u011b vyr\u00e1b\u011bt v\u00fdrobky od zna\u010dkou\u00a0<strong>BONA VITA<\/strong>.<br \/>\nBONAVITA znamen\u00e1 ve voln\u00e9m p\u0159ekladu &#8222;dobr\u00fd \u017eivot&#8220; a v tomto duchu jsou v\u00fdrobky propagov\u00e1ny. V konkuren\u010dn\u00edm boji si v\u00fdrobky s touto zna\u010dkou vydobyly dominantn\u00ed postaven\u00ed na \u010desk\u00e9m trhu &#8211; v sou\u010dasn\u00e9 dob\u011b je firma nejv\u011bt\u0161\u00edm v\u00fdrobcem a dodavatelem cere\u00e1lii v \u010cesku. Firma je \u00fasp\u011b\u0161n\u00e1 i v exportu, vyv\u00e1\u017e\u00ed polovinu sv\u00e9 produkce nejen do evropsk\u00fdch st\u00e1t\u016f.<\/p>\n<p><a href=\"https:\/\/www.bonavita.cz\/\">www.bonavita.cz<\/a><\/p>\n<h1>Z\u00e1mek \u0160ti\u0159\u00edn<img loading=\"lazy\" decoding=\"async\" class=\" wp-image-1707 alignright\" src=\"https:\/\/www.kros-stirin.cz\/wp-content\/uploads\/2016\/08\/logo_stirin_home.png\" alt=\"\" width=\"133\" height=\"167\" \/><\/h1>\n<p>je pravideln\u00fdm partnerem MCC kros \u0160ti\u0159\u00edn a letos tomu nen\u00ed jinak. Do z\u00e1vodu v\u011bnuje hotel Z\u00e1mek \u0160ti\u0159\u00edn, \u00a0z rukou jeho dlouholet\u00e9ho \u0159editele pana\u00a0V\u00e1clava Hrub\u00e9ho, dv\u011b pouk\u00e1zky \u00a0pro v\u00edt\u011bze dosp\u011bl\u00e9 kategorie na jednu noc se sn\u00eddan\u00ed \u00a0v z\u00e1meck\u00e9m apartm\u00e1.<\/p>\n<p><a href=\"https:\/\/www.stirin.cz\/\">www.stirin.cz<\/a><\/p>\n<h1>Dermacol<\/h1>\n<h1><img loading=\"lazy\" decoding=\"async\" class=\"size-medium wp-image-3961 alignright\" src=\"https:\/\/www.kros-stirin.cz\/wp-content\/uploads\/2019\/05\/5789-300x173.png\" alt=\"\" width=\"300\" height=\"173\" srcset=\"https:\/\/www.kros-stirin.cz\/wp-content\/uploads\/2019\/05\/5789-300x173.png 300w, https:\/\/www.kros-stirin.cz\/wp-content\/uploads\/2019\/05\/5789-768x442.png 768w, https:\/\/www.kros-stirin.cz\/wp-content\/uploads\/2019\/05\/5789-1024x589.png 1024w, https:\/\/www.kros-stirin.cz\/wp-content\/uploads\/2019\/05\/5789.png 2000w\" sizes=\"(max-width: 300px) 100vw, 300px\" \/><\/h1>\n<p>P\u016fvodn\u00ed \u010desk\u00e1 zna\u010dka Dermacol u\u017e v\u00edc ne\u017e p\u016fl stolet\u00ed zdokonaluje ple\u0165 a pe\u010duje o kr\u00e1su \u017een. Jeden z prvn\u00edch kryc\u00edch make-up\u016f na sv\u011bt\u011b vznikl v \u010desk\u00e9 laborato\u0159i Dermacol. U\u017e v \u0161edes\u00e1t\u00fdch letech ho pou\u017e\u00edvaly hollywoodsk\u00e9 hv\u011bzdy a Dermacol je i po pades\u00e1ti letech synonymem pro dokonal\u00fd make-up nejen v \u010cesk\u00e9 republice, ale po cel\u00e9m sv\u011bt\u011b.<\/p>\n<h1><\/h1>\n<h1>Profimed<img loading=\"lazy\" decoding=\"async\" class=\"alignright wp-image-4042\" src=\"https:\/\/www.kros-stirin.cz\/wp-content\/uploads\/2019\/05\/ogimage_1200x630-300x158.jpg\" alt=\"\" width=\"250\" height=\"131\" srcset=\"https:\/\/www.kros-stirin.cz\/wp-content\/uploads\/2019\/05\/ogimage_1200x630-300x158.jpg 300w, https:\/\/www.kros-stirin.cz\/wp-content\/uploads\/2019\/05\/ogimage_1200x630-768x403.jpg 768w, https:\/\/www.kros-stirin.cz\/wp-content\/uploads\/2019\/05\/ogimage_1200x630-1024x538.jpg 1024w, https:\/\/www.kros-stirin.cz\/wp-content\/uploads\/2019\/05\/ogimage_1200x630.jpg 1200w\" sizes=\"(max-width: 250px) 100vw, 250px\" \/><\/h1>\n<p><b>Profimed<\/b> -obchodn\u00ed z\u00e1stupce s \u00a0Kvalitn\u00edmi produkty na zuby a t\u011blo, kter\u00fdm m\u016f\u017eete v\u011b\u0159it. R\u00e1di V\u00e1m porad\u00ed online ale i \u00a0v jejich kamenn\u00fdch prodejn\u00e1ch. Nev\u00e1hejte se na cokoliv zeptat. Profimed je z\u00e1ruka kvality. Jedn\u00e1 se specialistu v p\u00e9\u010di o zuby. Ji\u017e 20 let na trhu. Brands: Philips Sonicare, Waterpik, TePe, Swissdent.<\/p>\n<p>www.profimed.cz<\/p>\n<h1>ABC Online<img loading=\"lazy\" decoding=\"async\" class=\"alignright wp-image-1696 size-medium\" src=\"https:\/\/www.kros-stirin.cz\/wp-content\/uploads\/2016\/08\/ABC-300x111.jpg\" alt=\"\" width=\"300\" height=\"111\" srcset=\"https:\/\/www.kros-stirin.cz\/wp-content\/uploads\/2016\/08\/ABC-300x111.jpg 300w, https:\/\/www.kros-stirin.cz\/wp-content\/uploads\/2016\/08\/ABC.jpg 620w\" sizes=\"(max-width: 300px) 100vw, 300px\" \/><\/h1>\n<p>ABCONLINE &#8211; dom\u00e1c\u00ed internet bez omezen\u00ed.\u00a0POZOR! TADY B\u011a\u017d\u00cd VYSOKORYCHLOSTN\u00cd INTERNET.<\/p>\n<p>V\u00fdhody a slu\u017eby:<\/p>\n<ul>\n<li>Platn\u00e9 pro lokality: Kamenicko, Velk\u00e9 Popovice, Jesenicko, Bene\u0161ovsko<\/li>\n<li>Vysok\u00e1 rychlost bezdr\u00e1tov\u00e9ho p\u0159ipojen\u00ed k internetu, a to a\u017e 25 Mbps.<\/li>\n<li>Bezplatn\u00e9 prom\u011b\u0159en\u00ed kvality sign\u00e1lu a zji\u0161t\u011bn\u00ed mo\u017enost p\u0159ipojen\u00ed.<\/li>\n<li>P\u0159ipojen\u00ed k internetu je nonstop a bez FUP.<\/li>\n<li>Dohled s\u00edt\u011b 24\/7 a servis u klienta do 24 hodin od nahl\u00e1\u0161en\u00ed i v\u00edkendy.<\/li>\n<li>Mo\u017enost z\u0159\u00edzen\u00ed telefonn\u00ed linky, jej\u00ed\u017e v\u00fdhodou je sn\u00ed\u017een\u00ed n\u00e1klad\u016f a vysok\u00e1 kvalita.<\/li>\n<li>Mo\u017enost z\u0159\u00edzen\u00ed ve\u0159ejn\u00e9 IP adresy v4 a v6.<\/li>\n<li>Jako lok\u00e1ln\u00ed firma m\u00e1me p\u0159ehled o d\u011bn\u00ed, podporujeme m\u00edstn\u00ed akce a projekty.<\/li>\n<li>V r\u00e1mci poskytov\u00e1n\u00ed slu\u017eby z\u0159\u00edd\u00edme p\u0159\u00edpojku u klienta a o v\u0161e se postar\u00e1me.<\/li>\n<\/ul>\n<p><a href=\"https:\/\/www.abconline.cz\/\">www.abconline.cz<\/a><\/p>\n<h2>neoHR\u00c1no<img loading=\"lazy\" decoding=\"async\" class=\" wp-image-1721 alignright\" src=\"https:\/\/www.kros-stirin.cz\/wp-content\/uploads\/2016\/08\/logo-pozitiv-velk\u00e91.png\" alt=\"\" width=\"310\" height=\"72\" \/><\/h2>\n<p>Rodinn\u00e9 strategick\u00e9 hry jsou dobrodru\u017en\u00e9 a z\u00e1rove\u0148 pozn\u00e1vac\u00ed hry pro rodinn\u00e9 t\u00fdmy v ulic\u00edch Prahy. Hry prob\u00edhaj\u00ed podle p\u0159esn\u011b dan\u00fdch pravidel, ale i s prvkem n\u00e1hody a \u0161t\u011bst\u00ed. \u010c\u00e1st informac\u00ed se dozv\u00edte p\u0159i registraci, \u010d\u00e1st na startu a \u010d\u00e1st z\u00edsk\u00e1te a\u017e v pr\u016fb\u011bhu hry.<\/p>\n<p>C\u00edlem Rodinn\u00fdch strategick\u00fdch her je formou sd\u00edlen\u00e9ho z\u00e1\u017eitku a dobrodru\u017estv\u00ed podpo\u0159it spole\u010dnou \u010dinnost a komunikaci v r\u00e1mci rodiny a uk\u00e1zat jin\u00fd pohled na \u010deskou historii a kulturu. Podpora pobytu a pohybu venku, hry fair play \u010di um\u011bn\u00ed u\u017e\u00edt si n\u011bco a nevzd\u00e1vat se, i kdy\u017e \u0161t\u011bst\u00ed zrovna nestoj\u00ed na m\u00e9 stran\u011b, jsou dal\u0161\u00ed hodnoty, kter\u00e9 tyto hry tak\u00e9 rozv\u00edj\u00ed.<\/p>\n<p>Vyzkou\u0161ejte Vy\u0161ehradsk\u00e9 bitvy, Probuzen\u00ed mostu, Lov na Star\u00e9m M\u011bst\u011b a dal\u0161\u00ed hry z nab\u00eddky <a href=\"https:\/\/neohrano.cz\/\"><strong>www.neohrano.cz<\/strong><\/a>.\u00a0Uvid\u00edte zn\u00e1m\u00e1 m\u00edsta nov\u00fdm pohledem a za\u017eijete dobrodru\u017estv\u00ed na vlastn\u00ed k\u016f\u017ei. Ka\u017ed\u00e1 hra vt\u00e1hne d\u011bti i dosp\u011bl\u00e9. Registrace p\u0159edem je nutn\u00e1.<\/p>\n","protected":false},"excerpt":{"rendered":"","protected":false},"author":2,"featured_media":58,"parent":0,"menu_order":0,"comment_status":"closed","ping_status":"closed","template":"","meta":{"inline_featured_image":false,"footnotes":""},"class_list":["post-56","page","type-page","status-publish","has-post-thumbnail","hentry","","tg-column-two"],"_links":{"self":[{"href":"https:\/\/www.kros-stirin.cz\/index.php\/wp-json\/wp\/v2\/pages\/56","targetHints":{"allow":["GET"]}}],"collection":[{"href":"https:\/\/www.kros-stirin.cz\/index.php\/wp-json\/wp\/v2\/pages"}],"about":[{"href":"https:\/\/www.kros-stirin.cz\/index.php\/wp-json\/wp\/v2\/types\/page"}],"author":[{"embeddable":true,"href":"https:\/\/www.kros-stirin.cz\/index.php\/wp-json\/wp\/v2\/users\/2"}],"replies":[{"embeddable":true,"href":"https:\/\/www.kros-stirin.cz\/index.php\/wp-json\/wp\/v2\/comments?post=56"}],"version-history":[{"count":81,"href":"https:\/\/www.kros-stirin.cz\/index.php\/wp-json\/wp\/v2\/pages\/56\/revisions"}],"predecessor-version":[{"id":4056,"href":"https:\/\/www.kros-stirin.cz\/index.php\/wp-json\/wp\/v2\/pages\/56\/revisions\/4056"}],"wp:featuredmedia":[{"embeddable":true,"href":"https:\/\/www.kros-stirin.cz\/index.php\/wp-json\/wp\/v2\/media\/58"}],"wp:attachment":[{"href":"https:\/\/www.kros-stirin.cz\/index.php\/wp-json\/wp\/v2\/media?parent=56"}],"curies":[{"name":"wp","href":"https:\/\/api.w.org\/{rel}","templated":true}]}}