{"id":5013,"date":"2022-06-28T13:50:28","date_gmt":"2022-06-28T11:50:28","guid":{"rendered":"https:\/\/www.kros-stirin.cz\/?page_id=5013"},"modified":"2025-09-13T20:16:26","modified_gmt":"2025-09-13T18:16:26","slug":"informace-k-zavodu","status":"publish","type":"page","link":"https:\/\/www.kros-stirin.cz\/index.php\/informace-k-zavodu\/","title":{"rendered":"Informace k z\u00e1vodu"},"content":{"rendered":"\t\t<div data-elementor-type=\"wp-page\" data-elementor-id=\"5013\" class=\"elementor elementor-5013\" data-elementor-post-type=\"page\">\n\t\t\t\t\t\t<section class=\"elementor-section elementor-top-section elementor-element elementor-element-7924e4f elementor-section-boxed elementor-section-height-default elementor-section-height-default\" data-id=\"7924e4f\" data-element_type=\"section\" data-e-type=\"section\">\n\t\t\t\t\t\t<div class=\"elementor-container elementor-column-gap-default\">\n\t\t\t\t\t<div class=\"elementor-column elementor-col-100 elementor-top-column elementor-element elementor-element-eb2844c\" data-id=\"eb2844c\" data-element_type=\"column\" data-e-type=\"column\">\n\t\t\t<div class=\"elementor-widget-wrap elementor-element-populated\">\n\t\t\t\t\t\t<div class=\"elementor-element elementor-element-78f6784 elementor-widget elementor-widget-text-editor\" data-id=\"78f6784\" data-element_type=\"widget\" data-e-type=\"widget\" data-widget_type=\"text-editor.default\">\n\t\t\t\t<div class=\"elementor-widget-container\">\n\t\t\t\t\t\t\t\t\t<p><span style=\"color: #444444; font-family: 'Roboto Slab', sans-serif; font-size: 28px; font-weight: normal;\"><img decoding=\"async\" class=\"emoji\" role=\"img\" draggable=\"false\" src=\"https:\/\/s.w.org\/images\/core\/emoji\/16.0.1\/svg\/1f3c3-200d-2640-fe0f.svg\" alt=\"\ud83c\udfc3\u200d\u2640\ufe0f\" \/> MCC Kros \u0160ti\u0159\u00edn 2025<\/span><\/p><p data-start=\"184\" data-end=\"246\"><strong data-start=\"184\" data-end=\"246\">Tradi\u010dn\u00ed charitativn\u00ed b\u011b\u017eeck\u00fd z\u00e1vod na \u0161ti\u0159\u00ednsk\u00fdch louk\u00e1ch<\/strong><\/p><h3 data-start=\"248\" data-end=\"269\"><img decoding=\"async\" class=\"emoji\" role=\"img\" draggable=\"false\" src=\"https:\/\/s.w.org\/images\/core\/emoji\/16.0.1\/svg\/1f4c5.svg\" alt=\"\ud83d\udcc5\" \/> 13. z\u00e1\u0159\u00ed 2025\u00a0<\/h3><p data-start=\"270\" data-end=\"409\">Z\u00e1vod se uskute\u010dn\u00ed <strong data-start=\"289\" data-end=\"345\">v roce 2025 tradi\u010dn\u011b na louk\u00e1ch v okol\u00ed z\u00e1mku \u0160ti\u0159\u00edn<\/strong>, v malebn\u00e9 krajin\u011b nedaleko Prahy.\u00a0<\/p><h3 data-start=\"411\" data-end=\"451\"><img decoding=\"async\" class=\"emoji\" role=\"img\" draggable=\"false\" src=\"https:\/\/s.w.org\/images\/core\/emoji\/16.0.1\/svg\/1f468-200d-1f469-200d-1f467-200d-1f466.svg\" alt=\"\ud83d\udc68\u200d\ud83d\udc69\u200d\ud83d\udc67\u200d\ud83d\udc66\" \/> Pro koho je z\u00e1vod ur\u010den?<\/h3><p data-start=\"452\" data-end=\"599\">Pro <strong data-start=\"456\" data-end=\"484\">v\u0161echny bez rozd\u00edlu v\u011bku<\/strong> \u2013 od nejmen\u0161\u00edch d\u011bt\u00ed a\u017e po zku\u0161en\u00e9 b\u011b\u017ece a seniory. P\u0159ipraveny jsou r\u016fzn\u00e9 d\u00e9lky trat\u00ed a aktivity pro celou rodinu:<\/p><ul data-start=\"601\" data-end=\"793\"><li data-start=\"601\" data-end=\"664\"><p data-start=\"603\" data-end=\"664\">D\u011btsk\u00e9 z\u00e1vody (kr\u00e1tk\u00e9 nen\u00e1ro\u010dn\u00e9 trat\u011b dle v\u011bkov\u00fdch kategori\u00ed)<\/p><\/li><li data-start=\"665\" data-end=\"711\"><p data-start=\"667\" data-end=\"711\">Hlavn\u00ed z\u00e1vod pro dosp\u011bl\u00e9\u00a0 5 km<\/p><\/li><li data-start=\"712\" data-end=\"752\"><p data-start=\"714\" data-end=\"752\">\u0160tafetov\u00fd b\u011bh<\/p><\/li><li data-start=\"753\" data-end=\"793\"><p data-start=\"755\" data-end=\"793\">Doprovodn\u00fd program a aktivity pro d\u011bti<\/p><\/li><\/ul><h3 data-start=\"795\" data-end=\"821\"><img decoding=\"async\" class=\"emoji\" role=\"img\" draggable=\"false\" src=\"https:\/\/s.w.org\/images\/core\/emoji\/16.0.1\/svg\/1f397.svg\" alt=\"\ud83c\udf97\" \/> Charitativn\u00ed rozm\u011br<\/h3><p data-start=\"822\" data-end=\"1043\">Kros \u0160ti\u0159\u00edn m\u00e1 <strong data-start=\"837\" data-end=\"867\">siln\u00fd charitativn\u00ed podtext<\/strong>. V\u00fdt\u011b\u017eek ze startovn\u00e9ho a partnersk\u00fdch dar\u016f bude i letos v\u011bnov\u00e1n na podporu projekt\u016f p\u00e9\u010de o p\u0159ed\u010dasn\u011b narozen\u00e9 d\u011bti a jejich rodiny \u2013 s d\u016frazem na perinat\u00e1ln\u00ed paliativn\u00ed p\u00e9\u010di.<\/p><p data-start=\"822\" data-end=\"1043\">Startovn\u00e9 pro d\u011btsk\u00e9 kategorie: 200 K\u010d<\/p><p data-start=\"822\" data-end=\"1043\">Startovn\u00e9 dosp\u011bl\u00ed: 300 K\u010d<\/p><p data-start=\"822\" data-end=\"1043\">Startovn\u00e9 \u0161tafety: 400 K\u010d<\/p><h3 data-start=\"1045\" data-end=\"1060\"><img decoding=\"async\" class=\"emoji\" role=\"img\" draggable=\"false\" src=\"https:\/\/s.w.org\/images\/core\/emoji\/16.0.1\/svg\/1f33f.svg\" alt=\"\ud83c\udf3f\" \/> O z\u00e1vodu<\/h3><p data-start=\"1061\" data-end=\"1374\">Kros \u0160ti\u0159\u00edn se kon\u00e1 ka\u017edoro\u010dn\u011b a je symbolem propojen\u00ed <strong data-start=\"1116\" data-end=\"1158\">sportu, solidarity a rodinn\u00e9 atmosf\u00e9ry<\/strong>. Trasy vedou p\u0159es kr\u00e1snou p\u0159\u00edrodu a okol\u00ed \u0160ti\u0159\u00edna, jsou vhodn\u00e9 pro amat\u00e9ry i zku\u0161en\u00e9 b\u011b\u017ece. Krom\u011b samotn\u00e9ho z\u00e1vodu se m\u016f\u017eete t\u011b\u0161it na <strong data-start=\"1293\" data-end=\"1373\">\u00a0ob\u010derstven\u00ed, tematick\u00e9 st\u00e1nky a dal\u0161\u00ed doprovodn\u00fd program<\/strong>.<\/p><p data-start=\"1061\" data-end=\"1374\">\u00a0<\/p>\t\t\t\t\t\t\t\t<\/div>\n\t\t\t\t<\/div>\n\t\t\t\t\t<\/div>\n\t\t<\/div>\n\t\t\t\t\t<\/div>\n\t\t<\/section>\n\t\t\t\t<section class=\"elementor-section elementor-top-section elementor-element elementor-element-d77b6be elementor-section-boxed elementor-section-height-default elementor-section-height-default\" data-id=\"d77b6be\" data-element_type=\"section\" data-e-type=\"section\">\n\t\t\t\t\t\t<div class=\"elementor-container elementor-column-gap-default\">\n\t\t\t\t\t<div class=\"elementor-column elementor-col-100 elementor-top-column elementor-element elementor-element-1bc7572\" data-id=\"1bc7572\" data-element_type=\"column\" data-e-type=\"column\">\n\t\t\t<div class=\"elementor-widget-wrap elementor-element-populated\">\n\t\t\t\t\t\t<div class=\"elementor-element elementor-element-f6bb12c elementor-widget elementor-widget-image\" data-id=\"f6bb12c\" data-element_type=\"widget\" data-e-type=\"widget\" data-widget_type=\"image.default\">\n\t\t\t\t<div class=\"elementor-widget-container\">\n\t\t\t\t\t\t\t\t\t\t\t\t\t\t\t<img fetchpriority=\"high\" decoding=\"async\" width=\"768\" height=\"488\" src=\"https:\/\/www.kros-stirin.cz\/wp-content\/uploads\/2025\/08\/kategorie-1-768x488.jpg\" class=\"attachment-medium_large size-medium_large wp-image-7318\" alt=\"\" srcset=\"https:\/\/www.kros-stirin.cz\/wp-content\/uploads\/2025\/08\/kategorie-1-768x488.jpg 768w, https:\/\/www.kros-stirin.cz\/wp-content\/uploads\/2025\/08\/kategorie-1-300x191.jpg 300w, https:\/\/www.kros-stirin.cz\/wp-content\/uploads\/2025\/08\/kategorie-1.jpg 1003w\" sizes=\"(max-width: 768px) 100vw, 768px\" \/>\t\t\t\t\t\t\t\t\t\t\t\t\t\t\t<\/div>\n\t\t\t\t<\/div>\n\t\t\t\t\t<\/div>\n\t\t<\/div>\n\t\t\t\t\t<\/div>\n\t\t<\/section>\n\t\t\t\t<section class=\"elementor-section elementor-top-section elementor-element elementor-element-c67f5f3 elementor-section-boxed elementor-section-height-default elementor-section-height-default\" data-id=\"c67f5f3\" data-element_type=\"section\" data-e-type=\"section\">\n\t\t\t\t\t\t<div class=\"elementor-container elementor-column-gap-default\">\n\t\t\t\t\t<div class=\"elementor-column elementor-col-100 elementor-top-column elementor-element elementor-element-322b643\" data-id=\"322b643\" data-element_type=\"column\" data-e-type=\"column\">\n\t\t\t<div class=\"elementor-widget-wrap elementor-element-populated\">\n\t\t\t\t\t\t<div class=\"elementor-element elementor-element-32506cb elementor-widget elementor-widget-text-editor\" data-id=\"32506cb\" data-element_type=\"widget\" data-e-type=\"widget\" data-widget_type=\"text-editor.default\">\n\t\t\t\t<div class=\"elementor-widget-container\">\n\t\t\t\t\t\t\t\t\t<h5 style=\"text-align: center;\"><span style=\"color: #ff0000;\"><strong><a style=\"color: #ff0000;\" href=\"https:\/\/results.onlinesystem.cz\/ResultsOverall\/Index\/3233\">V\u00fdsledky z\u00e1vodu Kros \u0160ti\u0159\u00edn 13. 9. 2025<\/a><\/strong><\/span><\/h5>\t\t\t\t\t\t\t\t<\/div>\n\t\t\t\t<\/div>\n\t\t\t\t\t<\/div>\n\t\t<\/div>\n\t\t\t\t\t<\/div>\n\t\t<\/section>\n\t\t\t\t<\/div>\n\t\t","protected":false},"excerpt":{"rendered":"<p>MCC Kros \u0160ti\u0159\u00edn 2025 Tradi\u010dn\u00ed charitativn\u00ed b\u011b\u017eeck\u00fd z\u00e1vod na \u0161ti\u0159\u00ednsk\u00fdch louk\u00e1ch 13. z\u00e1\u0159\u00ed 2025\u00a0 Z\u00e1vod se uskute\u010dn\u00ed v roce 2025 tradi\u010dn\u011b na louk\u00e1ch v okol\u00ed z\u00e1mku \u0160ti\u0159\u00edn, v malebn\u00e9 krajin\u011b nedaleko Prahy.\u00a0 Pro koho je z\u00e1vod ur\u010den? Pro v\u0161echny bez<\/p>\n","protected":false},"author":6,"featured_media":0,"parent":0,"menu_order":0,"comment_status":"closed","ping_status":"closed","template":"","meta":{"inline_featured_image":false,"footnotes":""},"class_list":["post-5013","page","type-page","status-publish","hentry","","tg-column-two"],"_links":{"self":[{"href":"https:\/\/www.kros-stirin.cz\/index.php\/wp-json\/wp\/v2\/pages\/5013","targetHints":{"allow":["GET"]}}],"collection":[{"href":"https:\/\/www.kros-stirin.cz\/index.php\/wp-json\/wp\/v2\/pages"}],"about":[{"href":"https:\/\/www.kros-stirin.cz\/index.php\/wp-json\/wp\/v2\/types\/page"}],"author":[{"embeddable":true,"href":"https:\/\/www.kros-stirin.cz\/index.php\/wp-json\/wp\/v2\/users\/6"}],"replies":[{"embeddable":true,"href":"https:\/\/www.kros-stirin.cz\/index.php\/wp-json\/wp\/v2\/comments?post=5013"}],"version-history":[{"count":84,"href":"https:\/\/www.kros-stirin.cz\/index.php\/wp-json\/wp\/v2\/pages\/5013\/revisions"}],"predecessor-version":[{"id":7634,"href":"https:\/\/www.kros-stirin.cz\/index.php\/wp-json\/wp\/v2\/pages\/5013\/revisions\/7634"}],"wp:attachment":[{"href":"https:\/\/www.kros-stirin.cz\/index.php\/wp-json\/wp\/v2\/media?parent=5013"}],"curies":[{"name":"wp","href":"https:\/\/api.w.org\/{rel}","templated":true}]}}