{"id":47,"date":"2016-08-19T10:46:20","date_gmt":"2016-08-19T08:46:20","guid":{"rendered":"http:\/\/kros.3sixty.eu\/?page_id=47"},"modified":"2019-06-06T08:27:09","modified_gmt":"2019-06-06T06:27:09","slug":"trate","status":"publish","type":"page","link":"https:\/\/www.kros-stirin.cz\/index.php\/trate\/","title":{"rendered":"Video z\u00e1znamy ze z\u00e1vod\u016f"},"content":{"rendered":"<p><!--more--><\/p>\n<h2>MCC Kros \u0160ti\u0159\u00edn 2019<\/h2>\n<p><iframe title=\"MCC Kros \u0160ti\u0159\u00edn 2019\" width=\"720\" height=\"405\" src=\"https:\/\/www.youtube.com\/embed\/19LKJCId5A8?feature=oembed\" frameborder=\"0\" allow=\"accelerometer; autoplay; encrypted-media; gyroscope; picture-in-picture\" allowfullscreen><\/iframe><\/p>\n<h2 style=\"text-align: left;\">MCC Kros \u0160ti\u0159\u00edn 2018<\/h2>\n<p><iframe src=\"https:\/\/www.youtube.com\/embed\/6ff9kKP6SE0?ecver=1\" width=\"871\" height=\"490\" frameborder=\"0\" allowfullscreen=\"allowfullscreen\"><\/iframe><\/p>\n<h2 style=\"text-align: left;\">MCC Kros \u0160ti\u0159\u00edn 2017<\/h2>\n<p><iframe src=\"https:\/\/www.youtube.com\/embed\/ar2VexS47KY?ecver=1\" width=\"720\" height=\"406\" frameborder=\"0\" allowfullscreen=\"allowfullscreen\"><\/iframe><\/p>\n<h2 style=\"text-align: left;\">MCC Kros \u0160ti\u0159\u00edn 2016<\/h2>\n<p><iframe src=\"https:\/\/www.youtube.com\/embed\/rGp_2WgDPKs\" width=\"853\" height=\"480\" frameborder=\"0\" allowfullscreen=\"allowfullscreen\"><\/iframe><\/p>\n<h2>MCC Kros \u0160ti\u0159\u00edn 2015<\/h2>\n<p><iframe src=\"https:\/\/www.youtube.com\/embed\/nqqSLzAA6RQ\" width=\"853\" height=\"480\" frameborder=\"0\" allowfullscreen=\"allowfullscreen\"><\/iframe><\/p>\n<h2>MCC Kros \u0160ti\u0159\u00edn 2014<\/h2>\n<p><iframe src=\"https:\/\/www.youtube.com\/embed\/JZTrkjdRsbU\" width=\"853\" height=\"480\" frameborder=\"0\" allowfullscreen=\"allowfullscreen\"><\/iframe><\/p>\n","protected":false},"excerpt":{"rendered":"","protected":false},"author":2,"featured_media":51,"parent":0,"menu_order":0,"comment_status":"closed","ping_status":"closed","template":"","meta":{"inline_featured_image":false,"footnotes":""},"class_list":["post-47","page","type-page","status-publish","has-post-thumbnail","hentry","","tg-column-two"],"_links":{"self":[{"href":"https:\/\/www.kros-stirin.cz\/index.php\/wp-json\/wp\/v2\/pages\/47","targetHints":{"allow":["GET"]}}],"collection":[{"href":"https:\/\/www.kros-stirin.cz\/index.php\/wp-json\/wp\/v2\/pages"}],"about":[{"href":"https:\/\/www.kros-stirin.cz\/index.php\/wp-json\/wp\/v2\/types\/page"}],"author":[{"embeddable":true,"href":"https:\/\/www.kros-stirin.cz\/index.php\/wp-json\/wp\/v2\/users\/2"}],"replies":[{"embeddable":true,"href":"https:\/\/www.kros-stirin.cz\/index.php\/wp-json\/wp\/v2\/comments?post=47"}],"version-history":[{"count":26,"href":"https:\/\/www.kros-stirin.cz\/index.php\/wp-json\/wp\/v2\/pages\/47\/revisions"}],"predecessor-version":[{"id":4323,"href":"https:\/\/www.kros-stirin.cz\/index.php\/wp-json\/wp\/v2\/pages\/47\/revisions\/4323"}],"wp:featuredmedia":[{"embeddable":true,"href":"https:\/\/www.kros-stirin.cz\/index.php\/wp-json\/wp\/v2\/media\/51"}],"wp:attachment":[{"href":"https:\/\/www.kros-stirin.cz\/index.php\/wp-json\/wp\/v2\/media?parent=47"}],"curies":[{"name":"wp","href":"https:\/\/api.w.org\/{rel}","templated":true}]}}