{"id":4557,"date":"2021-06-13T14:51:57","date_gmt":"2021-06-13T12:51:57","guid":{"rendered":"https:\/\/www.kros-stirin.cz\/?page_id=4557"},"modified":"2025-09-13T20:20:26","modified_gmt":"2025-09-13T18:20:26","slug":"registrace-2","status":"publish","type":"page","link":"https:\/\/www.kros-stirin.cz\/index.php\/registrace-2\/","title":{"rendered":"Registrace"},"content":{"rendered":"\t\t<div data-elementor-type=\"wp-page\" data-elementor-id=\"4557\" class=\"elementor elementor-4557\" data-elementor-post-type=\"page\">\n\t\t\t\t\t\t<section class=\"elementor-section elementor-top-section elementor-element elementor-element-6ad3e5b6 elementor-section-boxed elementor-section-height-default elementor-section-height-default\" data-id=\"6ad3e5b6\" data-element_type=\"section\" data-e-type=\"section\">\n\t\t\t\t\t\t<div class=\"elementor-container elementor-column-gap-default\">\n\t\t\t\t\t<div class=\"elementor-column elementor-col-100 elementor-top-column elementor-element elementor-element-16f5f63c\" data-id=\"16f5f63c\" data-element_type=\"column\" data-e-type=\"column\">\n\t\t\t<div class=\"elementor-widget-wrap elementor-element-populated\">\n\t\t\t\t\t\t<div class=\"elementor-element elementor-element-317148c2 elementor-widget elementor-widget-text-editor\" data-id=\"317148c2\" data-element_type=\"widget\" data-e-type=\"widget\" data-widget_type=\"text-editor.default\">\n\t\t\t\t<div class=\"elementor-widget-container\">\n\t\t\t\t\t\t\t\t\t<h3 data-start=\"93\" data-end=\"134\"><img decoding=\"async\" class=\"emoji\" role=\"img\" draggable=\"false\" src=\"https:\/\/s.w.org\/images\/core\/emoji\/16.0.1\/svg\/1f4dd.svg\" alt=\"\ud83d\udcdd\" \/> Registrace na MCC Kros \u0160ti\u0159\u00edn 2025<\/h3><p data-start=\"136\" data-end=\"305\">Z\u00e1vod je otev\u0159en\u00fd v\u0161em \u2013 d\u011btem, dosp\u011bl\u00fdm i senior\u016fm. Vyberte si svou tra\u0165 a b\u011b\u017ete s n\u00e1mi pro dobrou v\u011bc.<\/p><p data-start=\"307\" data-end=\"335\"><strong data-start=\"307\" data-end=\"335\"><img decoding=\"async\" class=\"emoji\" role=\"img\" draggable=\"false\" src=\"https:\/\/s.w.org\/images\/core\/emoji\/16.0.1\/svg\/1f4cc.svg\" alt=\"\ud83d\udccc\" \/> Co pot\u0159ebujete v\u011bd\u011bt:<\/strong><\/p><ul data-start=\"336\" data-end=\"496\"><li data-start=\"336\" data-end=\"390\"><p data-start=\"338\" data-end=\"390\"><strong><span style=\"color: #ff0000;\">Registrace prob\u00edh\u00e1\u00a0 na m\u00edst\u011b kon\u00e1n\u00ed z\u00e1vodu\u00a0<\/span><\/strong><\/p><\/li><li data-start=\"336\" data-end=\"390\"><p data-start=\"338\" data-end=\"390\"><strong><span style=\"color: #ff0000;\">Kon\u010d\u00ed 20 minut p\u0159ed startem z\u00e1vodu<\/span><\/strong>\u00a0\u00a0<\/p><\/li><li data-start=\"391\" data-end=\"443\"><p data-start=\"393\" data-end=\"443\">Ka\u017ed\u00fd \u00fa\u010dastn\u00edk obdr\u017e\u00ed startovn\u00ed \u010d\u00edslo a mal\u00fd d\u00e1rek<\/p><\/li><li data-start=\"444\" data-end=\"496\"><p data-start=\"446\" data-end=\"496\">Kapacita z\u00e1vodu je omezen\u00e1 \u2013 doporu\u010dujeme neot\u00e1let<\/p><\/li><\/ul><p data-start=\"584\" data-end=\"605\"><strong data-start=\"584\" data-end=\"605\">T\u011b\u0161\u00edme se na v\u00e1s!<\/strong><\/p><p data-start=\"584\" data-end=\"605\"><span style=\"color: #ff0000;\"><strong>Registrace na m\u00edst\u011b je tak\u00e9 mo\u017en\u00e1.\u00a0<\/strong><\/span><\/p><p data-start=\"584\" data-end=\"605\">\u00a0<\/p>\t\t\t\t\t\t\t\t<\/div>\n\t\t\t\t<\/div>\n\t\t\t\t\t<\/div>\n\t\t<\/div>\n\t\t\t\t\t<\/div>\n\t\t<\/section>\n\t\t\t\t<\/div>\n\t\t","protected":false},"excerpt":{"rendered":"<p>Registrace na MCC Kros \u0160ti\u0159\u00edn 2025 Z\u00e1vod je otev\u0159en\u00fd v\u0161em \u2013 d\u011btem, dosp\u011bl\u00fdm i senior\u016fm. Vyberte si svou tra\u0165 a b\u011b\u017ete s n\u00e1mi pro dobrou v\u011bc. Co pot\u0159ebujete v\u011bd\u011bt: Registrace prob\u00edh\u00e1\u00a0 na m\u00edst\u011b kon\u00e1n\u00ed z\u00e1vodu\u00a0 Kon\u010d\u00ed 20 minut p\u0159ed startem<\/p>\n","protected":false},"author":6,"featured_media":4565,"parent":0,"menu_order":0,"comment_status":"closed","ping_status":"closed","template":"","meta":{"inline_featured_image":false,"footnotes":""},"class_list":["post-4557","page","type-page","status-publish","has-post-thumbnail","hentry","","tg-column-two"],"_links":{"self":[{"href":"https:\/\/www.kros-stirin.cz\/index.php\/wp-json\/wp\/v2\/pages\/4557","targetHints":{"allow":["GET"]}}],"collection":[{"href":"https:\/\/www.kros-stirin.cz\/index.php\/wp-json\/wp\/v2\/pages"}],"about":[{"href":"https:\/\/www.kros-stirin.cz\/index.php\/wp-json\/wp\/v2\/types\/page"}],"author":[{"embeddable":true,"href":"https:\/\/www.kros-stirin.cz\/index.php\/wp-json\/wp\/v2\/users\/6"}],"replies":[{"embeddable":true,"href":"https:\/\/www.kros-stirin.cz\/index.php\/wp-json\/wp\/v2\/comments?post=4557"}],"version-history":[{"count":53,"href":"https:\/\/www.kros-stirin.cz\/index.php\/wp-json\/wp\/v2\/pages\/4557\/revisions"}],"predecessor-version":[{"id":7637,"href":"https:\/\/www.kros-stirin.cz\/index.php\/wp-json\/wp\/v2\/pages\/4557\/revisions\/7637"}],"wp:featuredmedia":[{"embeddable":true,"href":"https:\/\/www.kros-stirin.cz\/index.php\/wp-json\/wp\/v2\/media\/4565"}],"wp:attachment":[{"href":"https:\/\/www.kros-stirin.cz\/index.php\/wp-json\/wp\/v2\/media?parent=4557"}],"curies":[{"name":"wp","href":"https:\/\/api.w.org\/{rel}","templated":true}]}}