{"id":150,"date":"2016-08-22T10:15:11","date_gmt":"2016-08-22T08:15:11","guid":{"rendered":"http:\/\/kros.3sixty.eu\/?page_id=150"},"modified":"2024-07-17T16:29:14","modified_gmt":"2024-07-17T14:29:14","slug":"patroni","status":"publish","type":"page","link":"https:\/\/www.kros-stirin.cz\/index.php\/patroni\/","title":{"rendered":"Patroni"},"content":{"rendered":"<p><img decoding=\"async\" class=\" wp-image-1535 alignleft\" src=\"https:\/\/www.kros-stirin.cz\/wp-content\/uploads\/2016\/08\/tomas.jpg\" alt=\"\" width=\"158\" height=\"220\" \/><\/p>\n<p><b>Tom\u00e1\u0161 Dvo\u0159\u00e1k<\/b><br \/>\n<em>(* 11. kv\u011btna 1972\u00a0Zl\u00edn)<\/em><\/p>\n<p>je b\u00fdval\u00fd \u010desk\u00fd atlet, v\u00edceboja\u0159, trojn\u00e1sobn\u00fd mistr sv\u011bta a v\u00fdkonem 8 994 bod\u016f b\u00fdval\u00fd sv\u011btov\u00fd rekordman v desetiboji a halov\u00fd mistr Evropy v sedmiboji. V roce 1999 se stal v\u00edt\u011bzem ankety Atlet Evropy.<br \/>\nV sou\u010dasn\u00e9 dob\u011b se Tom\u00e1\u0161 profesion\u00e1ln\u011b v\u011bnuje reprezentaci \u010cesk\u00e9 republiky v atletice. Pod jeho veden\u00ed boduj\u00ed na mezin\u00e1rodn\u00edch m\u00edtinc\u00edch na\u0161i reprezentanti.<\/p>\n<p>&nbsp;<\/p>\n<p>&nbsp;<\/p>\n<p><img decoding=\"async\" class=\"wp-image-1537 alignleft\" src=\"https:\/\/www.kros-stirin.cz\/wp-content\/uploads\/2016\/08\/roman.jpg\" alt=\"\" width=\"155\" height=\"233\" \/><\/p>\n<p><b>Roman \u0160ebrle<\/b><br \/>\n<em>(* 26. listopadu 1974 Lan\u0161kroun)<\/em><\/p>\n<p>je b\u00fdval\u00fd \u010desk\u00fd atletick\u00fd v\u00edceboja\u0159 a olympijsk\u00fd v\u00edt\u011bz v desetiboji z roku 2004. Jako prvn\u00ed p\u0159ekonal v desetiboji b\u00e1jnou hranici 9000 bod\u016f podle aktu\u00e1ln\u00edch bodovac\u00edch tabulek; v\u00fdkonem 9026 bod\u016f vytvo\u0159il 26. a 27. kv\u011btna 2001 v G\u00f6tzisu sv\u011btov\u00fd rekord nep\u0159ekonan\u00fd dal\u0161\u00edch jeden\u00e1ct let (vzal mu jej teprve Ameri\u010dan Ashton Eaton v \u010dervnu roku 2012 v\u00fdkonem 9039 bod\u016f).<\/p>\n<p>&nbsp;<\/p>\n<p>&nbsp;<\/p>\n<p>&nbsp;<\/p>\n<p><img decoding=\"async\" class=\"wp-image-5047 alignleft\" src=\"https:\/\/www.kros-stirin.cz\/wp-content\/uploads\/2022\/07\/300X371__cpa_5353-243x300.jpeg\" alt=\"\" width=\"155\" height=\"191\" srcset=\"https:\/\/www.kros-stirin.cz\/wp-content\/uploads\/2022\/07\/300X371__cpa_5353-243x300.jpeg 243w, https:\/\/www.kros-stirin.cz\/wp-content\/uploads\/2022\/07\/300X371__cpa_5353.jpeg 300w\" sizes=\"(max-width: 155px) 100vw, 155px\" \/><\/p>\n<p><b>Jakub Vadlejch\u00a0<\/b><br \/>\n<em>(* 10. \u0159\u00edjna 1990 Praha)<\/em><\/p>\n<p>je \u010desk\u00fd atlet, z\u00e1vod\u00edc\u00ed v hodu o\u0161t\u011bpem, vicemistr sv\u011bta z let 2017, 2022 a st\u0159\u00edbrn\u00fd medailista z Letn\u00edch olympijsk\u00fdch her 2020 v Tokiu, kde byl i vlajkono\u0161em \u010desk\u00e9 v\u00fdpravy b\u011bhem zakon\u010den\u00ed her. Z\u00fa\u010dastnil se olympijsk\u00fdch her v Lond\u00fdn\u011b (2012), v Rio de Janeiru (2016) a v Tokiu (2020). Jeho osobn\u00ed rekord v hodu o\u0161t\u011bpem je 90,88 m (Dauh\u00e1, 2022).<\/p>\n<p>Zat\u00edm nejv\u011bt\u0161\u00edm sportovn\u00edm \u00fasp\u011bchem Jakuba Vadlejcha je zlat\u00e1 medaile z mistrovstv\u00ed Evropy 2024 v \u0158\u00edm\u011b, kde dne 12. 6. 2024 porazil v\u0161echny soupe\u0159e v\u00fdkonem 88,65\u00a0metru z posledn\u00ed s\u00e9rie.<\/p>\n<p>&nbsp;<\/p>\n","protected":false},"excerpt":{"rendered":"<p>Tom\u00e1\u0161 Dvo\u0159\u00e1k (* 11. kv\u011btna 1972\u00a0Zl\u00edn) je b\u00fdval\u00fd \u010desk\u00fd atlet, v\u00edceboja\u0159, trojn\u00e1sobn\u00fd mistr sv\u011bta a v\u00fdkonem 8 994 bod\u016f b\u00fdval\u00fd sv\u011btov\u00fd rekordman v desetiboji a halov\u00fd mistr Evropy v sedmiboji. V roce 1999 se stal v\u00edt\u011bzem ankety Atlet Evropy. V<\/p>\n","protected":false},"author":2,"featured_media":0,"parent":0,"menu_order":0,"comment_status":"closed","ping_status":"closed","template":"","meta":{"inline_featured_image":false,"footnotes":""},"class_list":["post-150","page","type-page","status-publish","hentry","","tg-column-two"],"_links":{"self":[{"href":"https:\/\/www.kros-stirin.cz\/index.php\/wp-json\/wp\/v2\/pages\/150","targetHints":{"allow":["GET"]}}],"collection":[{"href":"https:\/\/www.kros-stirin.cz\/index.php\/wp-json\/wp\/v2\/pages"}],"about":[{"href":"https:\/\/www.kros-stirin.cz\/index.php\/wp-json\/wp\/v2\/types\/page"}],"author":[{"embeddable":true,"href":"https:\/\/www.kros-stirin.cz\/index.php\/wp-json\/wp\/v2\/users\/2"}],"replies":[{"embeddable":true,"href":"https:\/\/www.kros-stirin.cz\/index.php\/wp-json\/wp\/v2\/comments?post=150"}],"version-history":[{"count":18,"href":"https:\/\/www.kros-stirin.cz\/index.php\/wp-json\/wp\/v2\/pages\/150\/revisions"}],"predecessor-version":[{"id":6018,"href":"https:\/\/www.kros-stirin.cz\/index.php\/wp-json\/wp\/v2\/pages\/150\/revisions\/6018"}],"wp:attachment":[{"href":"https:\/\/www.kros-stirin.cz\/index.php\/wp-json\/wp\/v2\/media?parent=150"}],"curies":[{"name":"wp","href":"https:\/\/api.w.org\/{rel}","templated":true}]}}