{"id":10,"date":"2016-08-18T16:53:34","date_gmt":"2016-08-18T14:53:34","guid":{"rendered":"http:\/\/kros.3sixty.eu\/?page_id=10"},"modified":"2022-06-14T10:41:09","modified_gmt":"2022-06-14T08:41:09","slug":"registrace","status":"publish","type":"page","link":"https:\/\/www.kros-stirin.cz\/index.php\/registrace\/","title":{"rendered":"Celkem vybr\u00e1no 1 283 500 K\u010d"},"content":{"rendered":"\r\n\r\n\r\n<div class=\"box wsw\">\r\n<div class=\"boxContentBorder\">\r\n<div class=\"boxContent\">\r\n<h2><span style=\"color: #339966;\">V\u00e1\u017een\u00ed sportovn\u00ed p\u0159\u00e1tel\u00e9 a p\u0159\u00edznivci \u0160ti\u0159\u00ednsk\u00e9ho krosu,<\/span><\/h2>\r\n<p>Zapojte se, b\u011bhejte, jezd\u011bte na kole, prost\u011b pom\u00e1hejte&#8230;..<\/p>\r\n<!--more-->\r\n<p style=\"text-align: left;\">Jako kaz\u030cdy\u0301 rok i letos se bude konat krosovy\u0301 za\u0301vod, jiz\u030c po jedena\u0301cte\u0301. 9x se kros tradic\u030cne\u030c be\u030cz\u030cel na\u00a0\u00a0louka\u0301ch mezi Vs\u030cedobrovicemi a S\u030ctir\u030ci\u0301nem, ale jiz\u030c druhy\u0301m rokem budou za\u0301vody probi\u0301hat netradic\u030cne\u030c vzhledem k pandemii COVID &#8211; 19.<\/p>\r\n<\/div>\r\n<p>&nbsp;<\/p>\r\n<h4 style=\"text-align: left;\">Letos ope\u030ct organiza\u0301tor\u030ci pr\u030cicha\u0301zi\u0301 s virtua\u0301lni\u0301 formou.<\/h4>\r\n<p style=\"text-align: left;\">Tento roc\u030cni\u0301k bude <strong><span style=\"color: #339966;\">\u201erokem pro Apolina\u0301r\u030ce\u201c<\/span><\/strong>, kdy v pru\u030abe\u030chu cele\u0301ho roku mu\u030az\u030cete be\u030chat a je moz\u030cne\u0301 zaslat sve\u0301 dobrovolne\u0301 \u201estartovne\u0301\u201d na transparentni\u0301 u\u0301c\u030cet\u00a0 nadac\u030cni\u0301ho fondu Vita et Futura, a ti\u0301m jako kaz\u030cdy\u0301 rok pomoci pr\u030cedc\u030casne\u030c narozeny\u0301m de\u030ctem v porodnici \u201eU Apolina\u0301r\u030ce\u201c.<\/p>\r\n<h4 style=\"text-align: left;\">Jak budete b\u011bhat?<\/h4>\r\n<p style=\"text-align: left;\">Nejste v nejleps\u030ci\u0301 fyzicke\u0301 kondici? Nevadi\u0301, du\u030alez\u030cite\u0301 je se zu\u0301c\u030castnit a pomoci dobre\u0301 ve\u030cci!<br \/><span style=\"color: #339966;\"><strong>Za\u010d\u00edn\u00e1me\u00a0 3. 6. 2021 a kon\u010d\u00edme 31. 5. 2022.<\/strong><\/span><br \/>Sve\u0301 be\u030chy, proch\u00e1zky \u010di jin\u00e9 sportovn\u00ed aktivity\u00a0 zaznamena\u0301vejte do jak\u00fdchkoliv sportovn\u00edch aplikac\u00ed a pote\u0301 svu\u030aj be\u030ch nasdi\u0301lejte na socia\u0301lni\u0301 si\u0301te\u030c s hashtagem <strong><span style=\"color: #339966;\">#rokproapolinare<\/span>.<br \/><\/strong><strong>Dobrovoln\u00e9 startovn\u00e9 pos\u00edlejte na transparentn\u00ed \u00fa\u010det NF Vita et Futura:\u00a0<\/strong><strong> <span style=\"color: #339966;\">2061621088\/5500<\/span><\/strong><\/p>\r\n<h4 style=\"text-align: left;\">Pro co letos budete b\u011bhat?<\/h4>\r\n<p style=\"text-align: left;\">Letos je na\u0301s\u030c ci\u0301l vybrat <strong>1 000 000 <\/strong>korun a por\u030ci\u0301dit za to pro maminky a jejich nedonos\u030cena\u0301 miminka s\u030cokovy\u0301 pasteriza\u0301tor mater\u030cske\u0301ho mle\u0301ka.<\/p>\r\n<h4 style=\"text-align: left;\">Co takov\u00fd pasteriz\u00e1tor um\u00ed?<\/h4>\r\n<p style=\"text-align: left;\">Spousta z n\u00e1s v sob\u011b nos\u00ed cytomegalovirus, ani\u017e by to v\u011bd\u011bla. Vyskytuje se v 90% populace.\u00a0 Nic n\u00e1m ned\u011bl\u00e1, nemluv\u00ed s n\u00e1mi, jen se veze. N\u011bkomu se ozve jako viroza, ale u dosp\u011bl\u00fdch lid\u00ed v\u011bt\u0161inou bez v\u011bt\u0161\u00edch komplikac\u00ed. Po porodu a i p\u0159i kojen\u00ed se p\u0159en\u00e1\u0161\u00ed na miminko. Miminka dono\u0161en\u00e1 to pov\u011bt\u0161inou bez v\u011bt\u0161\u00edch komplikac\u00ed ustoj\u00ed. Pro miminka nedono\u0161en\u00e1 m\u016f\u017ee m\u00edt takov\u00fd virus fat\u00e1ln\u00ed n\u00e1sledky. Zbavit se cytomegaloviru z ml\u00e9ka lze mra\u017een\u00edm nebo \u0161okovou pasterizac\u00ed. Mra\u017een\u00edm mate\u0159sk\u00e9 ml\u00e9ko ale p\u0159ich\u00e1z\u00ed o spoustu blahod\u00e1rn\u00fdch l\u00e1tek. \u0160okov\u00fdm pastriz\u00e1torem by se poda\u0159ilo mimink\u016fm zajistit ml\u00e9ko pln\u00fdch kvalit, ale nebezpe\u010d\u00ed prost\u00e9.<\/p>\r\n<h4 style=\"text-align: left;\">N\u011bco i viru<\/h4>\r\n<p style=\"text-align: left;\"><a href=\"https:\/\/www.wikiskripta.eu\/w\/Cytomegalov%C3%ADrus\">Cytomegalovirus<\/a><\/p>\r\n<h4 style=\"text-align: left;\">N\u011bco o pasteriz\u00e1toru<\/h4>\r\n<p><iframe title=\"VIREX - HCMV Inaktivierung in der Muttermilch\" width=\"720\" height=\"405\" src=\"https:\/\/www.youtube.com\/embed\/7M0SfnrJIYo?feature=oembed\" frameborder=\"0\" allow=\"accelerometer; autoplay; clipboard-write; encrypted-media; gyroscope; picture-in-picture\" allowfullscreen><\/iframe><\/p>\r\n<p style=\"text-align: center;\">\u00a0<\/p>\r\n<p style=\"text-align: center;\">\u00a0<\/p>\r\n<p style=\"text-align: center;\">\u00a0<\/p>\r\n<p style=\"text-align: center;\">\u00a0<\/p>\r\n<p style=\"padding-left: 40px; text-align: center;\">T\u00fdm MCC Kros \u0160ti\u0159\u00edn<\/p>\r\n<\/div>\r\n<\/div>","protected":false},"excerpt":{"rendered":"<p>V\u00e1\u017een\u00ed sportovn\u00ed p\u0159\u00e1tel\u00e9 a p\u0159\u00edznivci \u0160ti\u0159\u00ednsk\u00e9ho krosu, Zapojte se, b\u011bhejte, jezd\u011bte na kole, prost\u011b pom\u00e1hejte&#8230;..<\/p>\n","protected":false},"author":1,"featured_media":4704,"parent":0,"menu_order":0,"comment_status":"closed","ping_status":"closed","template":"","meta":{"inline_featured_image":false,"footnotes":""},"class_list":["post-10","page","type-page","status-publish","has-post-thumbnail","hentry","","tg-column-two"],"_links":{"self":[{"href":"https:\/\/www.kros-stirin.cz\/index.php\/wp-json\/wp\/v2\/pages\/10","targetHints":{"allow":["GET"]}}],"collection":[{"href":"https:\/\/www.kros-stirin.cz\/index.php\/wp-json\/wp\/v2\/pages"}],"about":[{"href":"https:\/\/www.kros-stirin.cz\/index.php\/wp-json\/wp\/v2\/types\/page"}],"author":[{"embeddable":true,"href":"https:\/\/www.kros-stirin.cz\/index.php\/wp-json\/wp\/v2\/users\/1"}],"replies":[{"embeddable":true,"href":"https:\/\/www.kros-stirin.cz\/index.php\/wp-json\/wp\/v2\/comments?post=10"}],"version-history":[{"count":139,"href":"https:\/\/www.kros-stirin.cz\/index.php\/wp-json\/wp\/v2\/pages\/10\/revisions"}],"predecessor-version":[{"id":4865,"href":"https:\/\/www.kros-stirin.cz\/index.php\/wp-json\/wp\/v2\/pages\/10\/revisions\/4865"}],"wp:featuredmedia":[{"embeddable":true,"href":"https:\/\/www.kros-stirin.cz\/index.php\/wp-json\/wp\/v2\/media\/4704"}],"wp:attachment":[{"href":"https:\/\/www.kros-stirin.cz\/index.php\/wp-json\/wp\/v2\/media?parent=10"}],"curies":[{"name":"wp","href":"https:\/\/api.w.org\/{rel}","templated":true}]}}